{"id":93,"date":"2015-11-11T17:07:30","date_gmt":"2015-11-11T16:07:30","guid":{"rendered":"https:\/\/www.arizzifonderie.com\/de\/?page_id=93"},"modified":"2015-11-11T17:10:36","modified_gmt":"2015-11-11T16:10:36","slug":"leistungen","status":"publish","type":"page","link":"https:\/\/www.arizzifonderie.com\/de\/leistungen\/","title":{"rendered":"Leistungen"},"content":{"rendered":"<h2>LEISTUNGSANGEBOT<\/h2>\n<p><strong>Nicht nur Gussteile!<\/strong><br \/>\nDie Auswahl qualifizierter Lieferanten erm\u00f6glicht es Arizzi Fonderie, spezifische Bearbeitungen durch Outsourcing durchzuf\u00fchren, und damit f\u00fcr Sie alle Probleme in Bezug auf die Feinbearbeitung des Teils zu l\u00f6sen, die von der Reinigung \u00fcber die Bearbeitung bis hin zur Montage reicht.<\/p>\n<div class=\"tabs\">\n\t\t\t<ul class=\"tabs-menu clearfix\">\n\t\t\t\t<li class=\"selected-tab-menu\">STRAHLPUTZEN UND SANDSTRAHLEN<div class=\"tab-over\">STRAHLPUTZEN UND SANDSTRAHLEN<\/div><\/li>\n\t\t\t\t<li>ENTGRATEN<div class=\"tab-over\">ENTGRATEN<\/div><\/li>\n\t\t\t\t<li>LACKIEREN<div class=\"tab-over\">LACKIEREN<\/div><\/li>\n                \n                \n\t\t\t<\/ul>\n\t\t\t<div class=\"tabs-wrapper\">\n<div class=\"tab\">\n<table width=\"100%;\">\n<tbody>\n<tr>\n<td style=\"vertical-align: top;\" width=\"165px\"><img decoding=\"async\" style=\"text-align: center; margin-top: 25px;\" title=\"STRAHLPUTZEN UND SANDSTRAHLEN\" alt=\"STRAHLPUTZEN UND SANDSTRAHLEN\" src=\"https:\/\/www.arizzifonderie.com\/wp-content\/uploads\/2013\/05\/servizi_granigliatura.jpg\" width=\"150\" \/><\/td>\n<td width=\"50px\"><p class=\"blank-line clearfix\"><br \/><\/p><\/td>\n<td style=\"vertical-align: top;\">\n<p>Die Oberfl\u00e4chenreinigung geschieht durch Einsatz industrieller Strahlputzmaschinen, mit denen die auf den Oberfl\u00e4chen verbliebenen Sandreste durch Kugelstrahlen entfernt werden. F\u00fcr die Reinigung innen liegender Oberfl\u00e4chen wird das Sandstrahlverfahren eingesetzt.<\/td>\n<\/tr>\n<\/tbody>\n<\/table>\n<\/div>\n<div class=\"tab\">\n<table width=\"100%;\">\n<tbody>\n<tr>\n<td style=\"vertical-align: top;\" width=\"165px\"><img decoding=\"async\" style=\"text-align: center; margin-top: 25px;\" title=\"ENTGRATEN\" alt=\"\" src=\"https:\/\/www.arizzifonderie.com\/wp-content\/uploads\/2013\/05\/servizi_sbavatura.jpg\" width=\"150\" \/><\/td>\n<td width=\"50px\"><p class=\"blank-line clearfix\"><br \/><\/p><\/td>\n<td style=\"vertical-align: top;\">\n<p>Das Entgraten wird von qualifizierten Betrieben und Handwerkern sowohl manuell als auch halbautomatisch (durch Einsatz robotisierter Entgratungssysteme) vorgenommen. <\/td>\n<\/tr>\n<\/tbody>\n<\/table>\n<\/div>\n<div class=\"tab\">\n<table width=\"100%;\">\n<tbody>\n<tr>\n<td style=\"vertical-align: top;\" width=\"165px\"><img decoding=\"async\" style=\"text-align: center; margin-top: 25px;\" title=\"LACKIEREN\" alt=\"\" src=\"https:\/\/www.arizzifonderie.com\/wp-content\/uploads\/2013\/05\/servizi_verniciatura.jpg\" width=\"150\" \/><\/td>\n<td width=\"50px\"><p class=\"blank-line clearfix\"><br \/><\/p><\/td>\n<td style=\"vertical-align: top;\">\n<p>Als Grundierung k\u00f6nnen wir Ihnen oxidationshemmende Oberfl\u00e4chenbeschichtungen (Primer) anbieten, die auf modernen, umweltfreundlichen Anlagen mit einem salz-, \u00f6l- oder chemikalienbest\u00e4ndigen Lack\u00fcberzug oder mit einer Phosphatierung ausgestattet werden k\u00f6nnen.<\/td>\n<\/tr>\n<\/tbody>\n<\/table>\n<\/div>\n<\/div><\/div>\n<div class=\"tabs\">\n\t\t\t<ul class=\"tabs-menu clearfix\">\n\t\t\t\t<li class=\"selected-tab-menu\">W\u00c4RMEBEHANDLUNG<div class=\"tab-over\">W\u00c4RMEBEHANDLUNG<\/div><\/li>\n\t\t\t\t<li>MECHANISCHE BEARBEITUNGEN<div class=\"tab-over\">MECHANISCHE BEARBEITUNGEN<\/div><\/li>\n\t\t\t\t<li>MONTAGE<div class=\"tab-over\">MONTAGE<\/div><\/li>\n                \n                \n\t\t\t<\/ul>\n\t\t\t<div class=\"tabs-wrapper\">\n<div class=\"tab\">\n<table width=\"100%;\">\n<tbody>\n<tr>\n<td style=\"vertical-align: top;\" width=\"165px\"><img decoding=\"async\" style=\"text-align: center; margin-top: 25px;\" title=\"W\u00c4RMEBEHANDLUNG\" alt=\"\" src=\"https:\/\/www.arizzifonderie.com\/wp-content\/uploads\/2013\/05\/servizi_trattamentotermico.jpg\" width=\"150\" \/><\/td>\n<td width=\"50px\"><p class=\"blank-line clearfix\"><br \/><\/p><\/td>\n<td style=\"vertical-align: top;\">\n<p>Wir f\u00fchren W\u00e4rmebehandlungen durch (Ferritisieren, Normalgl\u00fchen, Verg\u00fcten und Bainitisieren), um besondere Metallstrukturen zu erzielen, die den Teilen die im Rahmen exklusiver technischer Leistungsbeschreibungen festgelegten mechanischen Eigenschaften verleihen.<\/td>\n<\/tr>\n<\/tbody>\n<\/table>\n<\/div>\n<div class=\"tab\">\n<table width=\"100%;\">\n<tbody>\n<tr>\n<td style=\"vertical-align: top;\" width=\"165px\"><img decoding=\"async\" style=\"text-align: center; margin-top: 25px;\" title=\"MECHANISCHE BEARBEITUNGEN\" alt=\"\" src=\"https:\/\/www.arizzifonderie.com\/wp-content\/uploads\/2013\/05\/servizi_LavorazioniMeccaniche.jpg\" width=\"150\" \/><\/td>\n<td width=\"50px\"><p class=\"blank-line clearfix\"><br \/><\/p><\/td>\n<td style=\"vertical-align: top;\">\n<p>Wir arbeiten mit qualifizierten, f\u00fchrenden Unternehmen zusammen, die unsere Teile unter Einsatz hochmoderner Technologien gem\u00e4\u00df Zeichnung bearbeiten, und hierbei besonders enge Ma\u00df- und Geometrietoleranzen einhalten.<\/td>\n<\/tr>\n<\/tbody>\n<\/table>\n<\/div>\n<div class=\"tab\">\n<table width=\"100%;\">\n<tbody>\n<tr>\n<td style=\"vertical-align: top;\" width=\"165px\"><img decoding=\"async\" style=\"text-align: center; margin-top: 25px;\" title=\"Montage\" alt=\"\" src=\"https:\/\/www.arizzifonderie.com\/wp-content\/uploads\/2013\/05\/servizi_assiemaggi.jpg\" width=\"150\" \/><\/td>\n<td width=\"50px\"><p class=\"blank-line clearfix\"><br \/><\/p><\/td>\n<td style=\"vertical-align: top;\">\n<p>Sie brauchen sich um nichts zu k\u00fcmmern, wir denken an alles! Wir k\u00f6nnen Ihnen eine Teil- oder Komplettmontage der hergestellten Teile bieten, oder diese mit anderen, handels\u00fcblichen Artikeln montieren.<\/td>\n<\/tr>\n<\/tbody>\n<\/table>\n<\/div>\n<\/div><\/div>\n<h2>WEITERE LEISTUNGEN<\/h2>\n<p><strong>Denn Zeit ist Geld!<\/strong><br \/>\nArizzi Fonderie nimmt sich Ihrer Erfordernisse, gleich welcher Art, unter Einhaltung der festgelegten Fristen an.<br \/>\nWettbewerbsf\u00e4higkeit bedeutet heutzutage, in der Lage zu sein, knappe Termine einzuhalten, ohne dabei nat\u00fcrlich die Qualit\u00e4t zu vernachl\u00e4ssigen! Die Qualit\u00e4t unserer Leistungen, die kurzen Durchlaufzeiten und die p\u00fcnktliche Auslieferung sind f\u00fcr uns Grund zum Stolz.<\/p>\n<div class=\"tabs\">\n\t\t\t<ul class=\"tabs-menu clearfix\">\n\t\t\t\t<li class=\"selected-tab-menu\">VERPACKUNG<div class=\"tab-over\">VERPACKUNG<\/div><\/li>\n\t\t\t\t<li>LOGISTIK<div class=\"tab-over\">LOGISTIK<\/div><\/li>\n\t\t\t\t<li>FORECAST<div class=\"tab-over\">FORECAST<\/div><\/li>\n                \n                \n\t\t\t<\/ul>\n\t\t\t<div class=\"tabs-wrapper\">\n<div class=\"tab\">\n<table width=\"100%;\">\n<tbody>\n<tr>\n<td style=\"vertical-align: top;\" width=\"165px\"><img decoding=\"async\" style=\"text-align: center; margin-top: 25px;\" title=\"VERPACKUNG\" alt=\"\" src=\"https:\/\/www.arizzifonderie.com\/wp-content\/uploads\/2013\/05\/altreServizi_imballaggi.jpg\" width=\"150\" \/><\/td>\n<td width=\"50px\"><p class=\"blank-line clearfix\"><br \/><\/p><\/td>\n<td style=\"vertical-align: top;\">\n<p>Wir verwenden Verpackungen unterschiedlichster Arten und Formen, um eine Verschwendung von Material zu vermeiden und gleichzeitig den Transport und die Einlagerung unter Einhaltung aller Sicherheitskriterien zu erm\u00f6glichen.<\/td>\n<\/tr>\n<\/tbody>\n<\/table>\n<\/div>\n<div class=\"tab\">\n<table width=\"100%;\">\n<tbody>\n<tr>\n<td style=\"vertical-align: top;\" width=\"165px\"><img decoding=\"async\" style=\"text-align: center; margin-top: 25px;\" title=\"logistik\" alt=\"\" src=\"https:\/\/www.arizzifonderie.com\/wp-content\/uploads\/2013\/05\/altreServizi_logistica.jpg\" width=\"150\" \/><\/td>\n<td width=\"50px\"><p class=\"blank-line clearfix\"><br \/><\/p><\/td>\n<td style=\"vertical-align: top;\">\n<p>Wir benachrichtigen Sie! Sobald das Material zum Versand bereit steht, informieren wir Sie via E-Mail, um keine kostbare Zeit zu vergeuden. Wir arbeiten mit qualifizierten Transportunternehmen zusammen, die eine rasche Auslieferung in ganz Italien und Europa sicherstellen.<\/td>\n<\/tr>\n<\/tbody>\n<\/table>\n<\/div>\n<div class=\"tab\">\n<table width=\"100%;\">\n<tbody>\n<tr>\n<td style=\"vertical-align: top;\" width=\"165px\"><img decoding=\"async\" style=\"text-align: center; margin-top: 25px;\" title=\"Forecast\" alt=\"\" src=\"https:\/\/www.arizzifonderie.com\/wp-content\/uploads\/2013\/05\/altreServizi_forecast.jpg\" width=\"150\" \/><\/td>\n<td width=\"50px\"><p class=\"blank-line clearfix\"><br \/><\/p><\/td>\n<td style=\"vertical-align: top;\">Zur Optimierung bzw. Reduzierung der Lieferzeiten bieten wir Ihnen die M\u00f6glichkeit, Artikel abrufbereit bei uns auf Lager zu halten. Dieses Material k\u00f6nnen wir innerhalb von 24 Stunden ab Ihrer Anfrage versenden. <\/td>\n<\/tr>\n<\/tbody>\n<\/table>\n<\/div>\n<\/div><\/div>\n","protected":false},"excerpt":{"rendered":"<p>LEISTUNGSANGEBOT Nicht nur Gussteile! Die Auswahl qualifizierter Lieferanten erm\u00f6glicht es Arizzi Fonderie, spezifische Bearbeitungen durch Outsourcing durchzuf\u00fchren, und damit f\u00fcr Sie alle Probleme in Bezug auf die Feinbearbeitung des Teils zu l\u00f6sen, die von der Reinigung \u00fcber die Bearbeitung bis &hellip; <a href=\"https:\/\/www.arizzifonderie.com\/de\/leistungen\/\">Continue reading <span class=\"meta-nav\">&rarr;<\/span><\/a><\/p>\n","protected":false},"author":1,"featured_media":89,"parent":0,"menu_order":0,"comment_status":"closed","ping_status":"closed","template":"","meta":{"footnotes":""},"class_list":["post-93","page","type-page","status-publish","has-post-thumbnail","hentry"],"yoast_head":"<!-- This site is optimized with the Yoast SEO plugin v27.0 - https:\/\/yoast.com\/product\/yoast-seo-wordpress\/ -->\n<title>Leistungen - Arizzi fonderie - Albino (Bergamo)<\/title>\n<meta name=\"robots\" content=\"index, follow, max-snippet:-1, max-image-preview:large, max-video-preview:-1\" \/>\n<link rel=\"canonical\" href=\"https:\/\/www.arizzifonderie.com\/de\/leistungen\/\" \/>\n<meta property=\"og:locale\" content=\"de_DE\" \/>\n<meta property=\"og:type\" content=\"article\" \/>\n<meta property=\"og:title\" content=\"Leistungen - Arizzi fonderie - Albino (Bergamo)\" \/>\n<meta property=\"og:description\" content=\"LEISTUNGSANGEBOT Nicht nur Gussteile! Die Auswahl qualifizierter Lieferanten erm\u00f6glicht es Arizzi Fonderie, spezifische Bearbeitungen durch Outsourcing durchzuf\u00fchren, und damit f\u00fcr Sie alle Probleme in Bezug auf die Feinbearbeitung des Teils zu l\u00f6sen, die von der Reinigung \u00fcber die Bearbeitung bis &hellip; Continue reading &rarr;\" \/>\n<meta property=\"og:url\" content=\"https:\/\/www.arizzifonderie.com\/de\/leistungen\/\" \/>\n<meta property=\"og:site_name\" content=\"Arizzi fonderie\" \/>\n<meta property=\"article:modified_time\" content=\"2015-11-11T16:10:36+00:00\" \/>\n<meta property=\"og:image\" content=\"https:\/\/www.arizzifonderie.com\/wp-content\/uploads\/2015\/11\/header_full_servizi.jpg\" \/>\n\t<meta property=\"og:image:width\" content=\"1920\" \/>\n\t<meta property=\"og:image:height\" content=\"320\" \/>\n\t<meta property=\"og:image:type\" content=\"image\/jpeg\" \/>\n<meta name=\"twitter:card\" content=\"summary_large_image\" \/>\n<meta name=\"twitter:label1\" content=\"Gesch\u00e4tzte Lesezeit\" \/>\n\t<meta name=\"twitter:data1\" content=\"2\u00a0Minuten\" \/>\n<script type=\"application\/ld+json\" class=\"yoast-schema-graph\">{\"@context\":\"https:\/\/schema.org\",\"@graph\":[{\"@type\":\"WebPage\",\"@id\":\"https:\/\/www.arizzifonderie.com\/de\/leistungen\/\",\"url\":\"https:\/\/www.arizzifonderie.com\/de\/leistungen\/\",\"name\":\"Leistungen - Arizzi fonderie - Albino (Bergamo)\",\"isPartOf\":{\"@id\":\"https:\/\/www.arizzifonderie.com\/#website\"},\"primaryImageOfPage\":{\"@id\":\"https:\/\/www.arizzifonderie.com\/de\/leistungen\/#primaryimage\"},\"image\":{\"@id\":\"https:\/\/www.arizzifonderie.com\/de\/leistungen\/#primaryimage\"},\"thumbnailUrl\":\"https:\/\/www.arizzifonderie.com\/wp-content\/uploads\/2015\/11\/header_full_servizi.jpg\",\"datePublished\":\"2015-11-11T16:07:30+00:00\",\"dateModified\":\"2015-11-11T16:10:36+00:00\",\"breadcrumb\":{\"@id\":\"https:\/\/www.arizzifonderie.com\/de\/leistungen\/#breadcrumb\"},\"inLanguage\":\"de\",\"potentialAction\":[{\"@type\":\"ReadAction\",\"target\":[\"https:\/\/www.arizzifonderie.com\/de\/leistungen\/\"]}]},{\"@type\":\"ImageObject\",\"inLanguage\":\"de\",\"@id\":\"https:\/\/www.arizzifonderie.com\/de\/leistungen\/#primaryimage\",\"url\":\"https:\/\/www.arizzifonderie.com\/wp-content\/uploads\/2015\/11\/header_full_servizi.jpg\",\"contentUrl\":\"https:\/\/www.arizzifonderie.com\/wp-content\/uploads\/2015\/11\/header_full_servizi.jpg\",\"width\":1920,\"height\":320},{\"@type\":\"BreadcrumbList\",\"@id\":\"https:\/\/www.arizzifonderie.com\/de\/leistungen\/#breadcrumb\",\"itemListElement\":[{\"@type\":\"ListItem\",\"position\":1,\"name\":\"Home\",\"item\":\"https:\/\/www.arizzifonderie.com\/de\/\"},{\"@type\":\"ListItem\",\"position\":2,\"name\":\"Leistungen\"}]},{\"@type\":\"WebSite\",\"@id\":\"https:\/\/www.arizzifonderie.com\/#website\",\"url\":\"https:\/\/www.arizzifonderie.com\/\",\"name\":\"Arizzi fonderie\",\"description\":\"Ghisa Albino (Bergamo)\",\"potentialAction\":[{\"@type\":\"SearchAction\",\"target\":{\"@type\":\"EntryPoint\",\"urlTemplate\":\"https:\/\/www.arizzifonderie.com\/?s={search_term_string}\"},\"query-input\":{\"@type\":\"PropertyValueSpecification\",\"valueRequired\":true,\"valueName\":\"search_term_string\"}}],\"inLanguage\":\"de\"}]}<\/script>\n<!-- \/ Yoast SEO plugin. -->","yoast_head_json":{"title":"Leistungen - Arizzi fonderie - Albino (Bergamo)","robots":{"index":"index","follow":"follow","max-snippet":"max-snippet:-1","max-image-preview":"max-image-preview:large","max-video-preview":"max-video-preview:-1"},"canonical":"https:\/\/www.arizzifonderie.com\/de\/leistungen\/","og_locale":"de_DE","og_type":"article","og_title":"Leistungen - Arizzi fonderie - Albino (Bergamo)","og_description":"LEISTUNGSANGEBOT Nicht nur Gussteile! Die Auswahl qualifizierter Lieferanten erm\u00f6glicht es Arizzi Fonderie, spezifische Bearbeitungen durch Outsourcing durchzuf\u00fchren, und damit f\u00fcr Sie alle Probleme in Bezug auf die Feinbearbeitung des Teils zu l\u00f6sen, die von der Reinigung \u00fcber die Bearbeitung bis &hellip; Continue reading &rarr;","og_url":"https:\/\/www.arizzifonderie.com\/de\/leistungen\/","og_site_name":"Arizzi fonderie","article_modified_time":"2015-11-11T16:10:36+00:00","og_image":[{"width":1920,"height":320,"url":"https:\/\/www.arizzifonderie.com\/wp-content\/uploads\/2015\/11\/header_full_servizi.jpg","type":"image\/jpeg"}],"twitter_card":"summary_large_image","twitter_misc":{"Gesch\u00e4tzte Lesezeit":"2\u00a0Minuten"},"schema":{"@context":"https:\/\/schema.org","@graph":[{"@type":"WebPage","@id":"https:\/\/www.arizzifonderie.com\/de\/leistungen\/","url":"https:\/\/www.arizzifonderie.com\/de\/leistungen\/","name":"Leistungen - Arizzi fonderie - Albino (Bergamo)","isPartOf":{"@id":"https:\/\/www.arizzifonderie.com\/#website"},"primaryImageOfPage":{"@id":"https:\/\/www.arizzifonderie.com\/de\/leistungen\/#primaryimage"},"image":{"@id":"https:\/\/www.arizzifonderie.com\/de\/leistungen\/#primaryimage"},"thumbnailUrl":"https:\/\/www.arizzifonderie.com\/wp-content\/uploads\/2015\/11\/header_full_servizi.jpg","datePublished":"2015-11-11T16:07:30+00:00","dateModified":"2015-11-11T16:10:36+00:00","breadcrumb":{"@id":"https:\/\/www.arizzifonderie.com\/de\/leistungen\/#breadcrumb"},"inLanguage":"de","potentialAction":[{"@type":"ReadAction","target":["https:\/\/www.arizzifonderie.com\/de\/leistungen\/"]}]},{"@type":"ImageObject","inLanguage":"de","@id":"https:\/\/www.arizzifonderie.com\/de\/leistungen\/#primaryimage","url":"https:\/\/www.arizzifonderie.com\/wp-content\/uploads\/2015\/11\/header_full_servizi.jpg","contentUrl":"https:\/\/www.arizzifonderie.com\/wp-content\/uploads\/2015\/11\/header_full_servizi.jpg","width":1920,"height":320},{"@type":"BreadcrumbList","@id":"https:\/\/www.arizzifonderie.com\/de\/leistungen\/#breadcrumb","itemListElement":[{"@type":"ListItem","position":1,"name":"Home","item":"https:\/\/www.arizzifonderie.com\/de\/"},{"@type":"ListItem","position":2,"name":"Leistungen"}]},{"@type":"WebSite","@id":"https:\/\/www.arizzifonderie.com\/#website","url":"https:\/\/www.arizzifonderie.com\/","name":"Arizzi fonderie","description":"Ghisa Albino (Bergamo)","potentialAction":[{"@type":"SearchAction","target":{"@type":"EntryPoint","urlTemplate":"https:\/\/www.arizzifonderie.com\/?s={search_term_string}"},"query-input":{"@type":"PropertyValueSpecification","valueRequired":true,"valueName":"search_term_string"}}],"inLanguage":"de"}]}},"_links":{"self":[{"href":"https:\/\/www.arizzifonderie.com\/de\/wp-json\/wp\/v2\/pages\/93","targetHints":{"allow":["GET"]}}],"collection":[{"href":"https:\/\/www.arizzifonderie.com\/de\/wp-json\/wp\/v2\/pages"}],"about":[{"href":"https:\/\/www.arizzifonderie.com\/de\/wp-json\/wp\/v2\/types\/page"}],"author":[{"embeddable":true,"href":"https:\/\/www.arizzifonderie.com\/de\/wp-json\/wp\/v2\/users\/1"}],"replies":[{"embeddable":true,"href":"https:\/\/www.arizzifonderie.com\/de\/wp-json\/wp\/v2\/comments?post=93"}],"version-history":[{"count":1,"href":"https:\/\/www.arizzifonderie.com\/de\/wp-json\/wp\/v2\/pages\/93\/revisions"}],"predecessor-version":[{"id":94,"href":"https:\/\/www.arizzifonderie.com\/de\/wp-json\/wp\/v2\/pages\/93\/revisions\/94"}],"wp:featuredmedia":[{"embeddable":true,"href":"https:\/\/www.arizzifonderie.com\/de\/wp-json\/wp\/v2\/media\/89"}],"wp:attachment":[{"href":"https:\/\/www.arizzifonderie.com\/de\/wp-json\/wp\/v2\/media?parent=93"}],"curies":[{"name":"wp","href":"https:\/\/api.w.org\/{rel}","templated":true}]}}