{"id":83,"date":"2015-11-11T17:02:06","date_gmt":"2015-11-11T16:02:06","guid":{"rendered":"https:\/\/www.arizzifonderie.com\/de\/?page_id=83"},"modified":"2017-01-31T17:03:20","modified_gmt":"2017-01-31T16:03:20","slug":"qualitat","status":"publish","type":"page","link":"https:\/\/www.arizzifonderie.com\/de\/qualitat\/","title":{"rendered":"Qualit\u00e4t"},"content":{"rendered":"<h2>QUALIT\u00c4TSPOLITIK<\/h2>\n<p><strong>Arizzi Fonderie hat, insbesondere im Laufe der letzten Jahre, ihr Engagement intensiviert, um ihre Qualit\u00e4t auf h\u00f6chste Standards zu bringen.<\/strong><\/p>\n<p>Das kontinuierliche Streben nach einer Verbesserung der Prozess- und Produktqualit\u00e4t hat es Arizzi Fonderie erm\u00f6glicht, Lieferant bedeutender internationaler Gruppen zu werden, die in ihrer jeweiligen Branche in Bezug auf Qualit\u00e4t und technologische Innovation f\u00fchrend sind: dies ist f\u00fcr uns die wichtigste Visitenkarte. Die erzielten Resultate sind das Ergebnis einer Qualit\u00e4tspolitik, die Arizzi Fonderie seit vielen Jahren verfolgt, und die zu ihren grundlegenden Eckpfeilern geh\u00f6rt.<\/p>\n<div class=\"tabs\">\n\t\t\t<ul class=\"tabs-menu clearfix\">\n\t\t\t\t<li class=\"selected-tab-menu\">LERNEN<div class=\"tab-over\">LERNEN<\/div><\/li>\n\t\t\t\t<li>ERNEUERN<div class=\"tab-over\">ERNEUERN<\/div><\/li>\n\t\t\t\t<li>FORTSCHRITTE MACHEN<div class=\"tab-over\">FORTSCHRITTE MACHEN<\/div><\/li>\n                \n                \n\t\t\t<\/ul>\n\t\t\t<div class=\"tabs-wrapper\">\n<div class=\"tab\">\n<table width=\"100%;\">\n<tr>\n<td style=\"vertical-align:top\" width=\"165px\"><img decoding=\"async\" style=\"text-align: center;margin-top:25px;\" alt=\"LERNEN\" src=\"https:\/\/www.arizzifonderie.com\/wp-content\/uploads\/2013\/05\/qualita_apprendere.jpg\" width=\"150\" \/><\/td>\n<td width=\"50px\"><p class=\"blank-line clearfix\"><br \/><\/p><\/td>\n<td style=\"vertical-align:top\">\n<p>Aus- und Weiterbildung, Aufwertung des Personals und Personalsuche \u2013 in der Gewissheit, dass die Qualit\u00e4t unserer Produkte das Ergebnis der Arbeit aller Mitarbeiter unseres Unternehmens ist.<\/td>\n<\/tr>\n<\/table>\n<\/div>\n<div class=\"tab\">\n<table width=\"100%;\">\n<tr>\n<td style=\"vertical-align:top\" width=\"165px\"><img decoding=\"async\" style=\"text-align: center;margin-top:25px;\" alt=\"ERNEUERN\" src=\"https:\/\/www.arizzifonderie.com\/wp-content\/uploads\/2013\/05\/qualita_rinnovare.jpg\" width=\"150\" \/><\/td>\n<td width=\"50px\"><p class=\"blank-line clearfix\"><br \/><\/p><\/td>\n<td style=\"vertical-align:top\">\n<p>Eine kontinuierliche Erneuerung der Anlagen (Sandanlage, neue Strahlputzmaschinen, neuer Druckvergie\u00dfofen, Anlage zur Kugelgraphitbildung mit Kerndraht).<\/td>\n<\/tr>\n<\/table>\n<\/div>\n<div class=\"tab\">\n<table width=\"100%;\">\n<tr>\n<td style=\"vertical-align:top\" width=\"165px\"><img decoding=\"async\" style=\"text-align: center;margin-top:25px;\" alt=\"FORTSCHRITTE MACHEN\" src=\"https:\/\/www.arizzifonderie.com\/wp-content\/uploads\/2013\/05\/qualita_progredire.jpg\" width=\"150\" \/><\/td>\n<td width=\"50px\"><p class=\"blank-line clearfix\"><br \/><\/p><\/td>\n<td style=\"vertical-align:top\">\n<p>Alte und neue Kunden und Branchen zufrieden stellen, die sich durch sehr hohe, herausragende Qualit\u00e4tsstandards auszeichnen.<\/td>\n<\/tr>\n<\/table>\n<\/div>\n<\/div><\/div>\n<h2>MATERIALKONTROLLE<\/h2>\n<p><strong>Die Auswahl hochwertiger Rohmaterialien und die richtige Alchemie der Elemente. <\/strong><br \/>\nDie bewusste Entscheidung, nur erstklassiges Material zu kaufen, unterst\u00fctzt von den besten Technologien f\u00fcr die Zubereitung und die Kontrolle des fl\u00fcssigen Metalls, zur Herstellung optimaler, langfristig konstanter Produkte.<\/p>\n<div class=\"tabs\">\n\t\t\t<ul class=\"tabs-menu clearfix\">\n\t\t\t\t<li class=\"selected-tab-menu\">ANALYTISCHE KONTROLLE<div class=\"tab-over\">ANALYTISCHE KONTROLLE<\/div><\/li>\n\t\t\t\t<li>THERMISCHE ANALYSE<div class=\"tab-over\">THERMISCHE ANALYSE<\/div><\/li>\n\t\t\t\t<li>MECHANISCHE PR\u00dcFUNGEN<div class=\"tab-over\">MECHANISCHE PR\u00dcFUNGEN<\/div><\/li>\n                \n                \n\t\t\t<\/ul>\n\t\t\t<div class=\"tabs-wrapper\">\n<div class=\"tab\">\n<table width=\"100%;\">\n<tr>\n<td style=\"vertical-align:top\" width=\"165px\"><img decoding=\"async\" style=\"text-align: center;margin-top:25px;\" alt=\"ANALYTISCHE KONTROLLE\" src=\"https:\/\/www.arizzifonderie.com\/wp-content\/uploads\/2013\/05\/qualita_controllo_analitico.jpg\" width=\"150\" \/><\/td>\n<td width=\"50px\"><p class=\"blank-line clearfix\"><br \/><\/p><\/td>\n<td style=\"vertical-align:top\">\n<p>Ein intensives Kontrollprogramm, das auf eine kontinuierliche \u00dcberwachung der analytischen Qualit\u00e4t des Metalls \u00fcber das Gusserzeugnis in den Gussformen abzielt.<\/td>\n<\/tr>\n<\/table>\n<\/div>\n<div class=\"tab\">\n<table width=\"100%;\">\n<tr>\n<td style=\"vertical-align:top\" width=\"165px\"><img decoding=\"async\" style=\"text-align: center;margin-top:25px;\" alt=\"THERMISCHE ANALYSE\" src=\"https:\/\/www.arizzifonderie.com\/wp-content\/uploads\/2013\/05\/qualita_analisi_termica.jpg\" width=\"150\" \/><\/td>\n<td width=\"50px\"><p class=\"blank-line clearfix\"><br \/><\/p><\/td>\n<td style=\"vertical-align:top\">\n<p>Der modernste, effizienteste Produktionsprozess-Analyseansatz zur Ermittlung des Graphitverhaltens und der sich hieraus ergebenden Metalldefekte.<\/td>\n<\/tr>\n<\/table>\n<\/div>\n<div class=\"tab\">\n<table width=\"100%;\">\n<tr>\n<td style=\"vertical-align:top\" width=\"165px\"><img decoding=\"async\" style=\"text-align: center;margin-top:25px;\" alt=\"MECHANISCHE PR\u00dcFUNGEN\" src=\"https:\/\/www.arizzifonderie.com\/wp-content\/uploads\/2013\/05\/qualita_prove_meccaniche.jpg\" width=\"150\" \/><\/td>\n<td width=\"50px\"><p class=\"blank-line clearfix\"><br \/><\/p><\/td>\n<td style=\"vertical-align:top\">\n<p>Durchf\u00fchrung kontinuierlicher mechanischer Zugversuche, Dehnungsversuche in % und Kerbschlagbiegeversuche durch akkreditierte Stellen und Labors.<\/td>\n<\/tr>\n<\/table>\n<\/div>\n<\/div><\/div>\n<p>&nbsp;<\/p>\n<h2>KONTROLLE DER GUSSTEILE AUF FEHLERFREIHEIT<\/h2>\n<p><strong>Damit auch das ans Licht kommt, was man nicht sieht.<\/strong><\/p>\n<p>Das Ergebnis eines komplexen Prozesses kann mit blo\u00dfem Auge nicht wahrnehmbare Fehler verbergen. Die \u00dcberpr\u00fcfung der Prozesse besitzt eine zentrale Rolle bei der Sicherstellung der Fehlerfreiheit und der Konformit\u00e4t der Gussteile, und um dies zu erreichen, sind zerst\u00f6rende und nicht zerst\u00f6rende Pr\u00fcfungen notwendig.<\/p>\n<div class=\"tabs\">\n\t\t\t<ul class=\"tabs-menu clearfix\">\n\t\t\t\t<li class=\"selected-tab-menu\">US-KONTROLLE<div class=\"tab-over\">US-KONTROLLE<\/div><\/li>\n\t\t\t\t<li>ZERST\u00d6RENDE PR\u00dcFUNGEN<div class=\"tab-over\">ZERST\u00d6RENDE PR\u00dcFUNGEN<\/div><\/li>\n\t\t\t\t<li>MAGNETISCHE UND R\u00d6NTGEN-PR\u00dcFUNGEN<div class=\"tab-over\">MAGNETISCHE UND R\u00d6NTGEN-PR\u00dcFUNGEN<\/div><\/li>\n                \n                \n\t\t\t<\/ul>\n\t\t\t<div class=\"tabs-wrapper\">\n<div class=\"tab\">\n<table width=\"100%;\">\n<tr>\n<td style=\"vertical-align:top\" width=\"165px\"><img decoding=\"async\" style=\"text-align: center;margin-top:25px;\" alt=\"US-KONTROLLE\" src=\"https:\/\/www.arizzifonderie.com\/wp-content\/uploads\/2013\/05\/qualita_controllo_us.jpg\" width=\"150\" \/><\/td>\n<td width=\"50px\"><p class=\"blank-line clearfix\"><br \/><\/p><\/td>\n<td style=\"vertical-align:top\">\n<p>Systematischer Einsatz von Ultraschall zur Erkennung von Fehlern in der N\u00e4he kritischer Bereiche.<\/td>\n<\/tr>\n<\/table>\n<\/div>\n<div class=\"tab\">\n<table width=\"100%;\">\n<tr>\n<td style=\"vertical-align:top\" width=\"165px\"><img decoding=\"async\" style=\"text-align: center;margin-top:25px;\" alt=\"Indagini distruttive\" src=\"https:\/\/www.arizzifonderie.com\/wp-content\/uploads\/2013\/05\/qualita_indagini_distruttive.jpg\" width=\"150\" \/><\/td>\n<td width=\"50px\"><p class=\"blank-line clearfix\"><br \/><\/p><\/td>\n<td style=\"vertical-align:top\">\n<p>Zerst\u00f6rende Pr\u00fcfung durch Zerschneiden eines oder mehrerer f\u00fcr das Los repr\u00e4sentativer Teile als erg\u00e4nzende \u00dcberpr\u00fcfung zur Ultraschall-Kontrolle.<\/td>\n<\/tr>\n<\/table>\n<\/div>\n<div class=\"tab\">\n<table width=\"100%;\">\n<tr>\n<td style=\"vertical-align:top\" width=\"165px\"><img decoding=\"async\" style=\"text-align: center;margin-top:25px;\" alt=\"Indagini magnetiche e rx\" src=\"https:\/\/www.arizzifonderie.com\/wp-content\/uploads\/2013\/05\/qualita_indagini_magnetiche.jpg\" width=\"150\" \/><\/td>\n<td width=\"50px\"><p class=\"blank-line clearfix\"><br \/><\/p><\/td>\n<td style=\"vertical-align:top\">\n<p>Bescheinigung der Fehlerfreiheit mit Hilfe von Radioskopie und\/oder Magnettests, zur Auffindung eventueller, verborgener Spannungen und Risse.<\/td>\n<\/tr>\n<\/table>\n<\/div>\n<\/div><\/div>\n<p>&nbsp;<\/p>\n<h2>KONTROLLE DER GUSSFORMEN<\/h2>\n<p><strong>Denn auch das Auge isst mit.<\/strong><br \/>\nDie Anstrengungen, ein hervorragendes Metall zu erhalten, d\u00fcrfen nicht von der Realisierung  einer Gussform zunichte gemacht werden, die nicht die richtigen Charakteristika aufweist. Denn es ist vor allem die Gussform, die dem Produkt eine einheitliche, gleichm\u00e4\u00dfige und \u2013 warum nicht \u2013 sch\u00f6n anzuschauende Form verleiht.<\/p>\n<div class=\"tabs\">\n\t\t\t<ul class=\"tabs-menu clearfix\">\n\t\t\t\t<li class=\"selected-tab-menu\">KONTROLLE KERNE<div class=\"tab-over\">KONTROLLE KERNE<\/div><\/li>\n\t\t\t\t<li>KONTROLLE SAND<div class=\"tab-over\">KONTROLLE SAND<\/div><\/li>\n\t\t\t\t<li>H\u00c4RTE DER GUSSFORM<div class=\"tab-over\">H\u00c4RTE DER GUSSFORM<\/div><\/li>\n                \n                \n\t\t\t<\/ul>\n\t\t\t<div class=\"tabs-wrapper\">\n<div class=\"tab\">\n<table width=\"100%;\">\n<tr>\n<td style=\"vertical-align:top\" width=\"165px\"><img decoding=\"async\" style=\"text-align: center;margin-top:25px;\" alt=\"KONTROLLE KERNE\" src=\"https:\/\/www.arizzifonderie.com\/wp-content\/uploads\/2013\/05\/qualita_controllo_anime.jpg\" width=\"150\" \/><\/td>\n<td width=\"50px\"><p class=\"blank-line clearfix\"><br \/><\/p><\/td>\n<td style=\"vertical-align:top\">\n<p>Unsere Zusammenarbeit mit erstklassigen Partnern tr\u00e4gt dazu bei, einen hohen Qualit\u00e4tsstandard zu garantieren. Das eingef\u00fchrte Kontrollsystem stellt die Konformit\u00e4t sowohl im Moment der Anlieferung, als auch w\u00e4hrend der Lagerung und der Aufbewahrung der Kerne sicher.<\/td>\n<\/tr>\n<\/table>\n<\/div>\n<div class=\"tab\">\n<table width=\"100%;\">\n<tr>\n<td style=\"vertical-align:top\" width=\"165px\"><img decoding=\"async\" style=\"text-align: center;margin-top:25px;\" alt=\"KONTROLLE SAND\" src=\"https:\/\/www.arizzifonderie.com\/wp-content\/uploads\/2013\/05\/controllo_sabbie_e_terre.jpg\" width=\"150\" \/><\/td>\n<td width=\"50px\"><p class=\"blank-line clearfix\"><br \/><\/p><\/td>\n<td style=\"vertical-align:top\">\n<p>Um eine geeignete Gr\u00fcnsand-Mischung zu erzielen, werden der beste Sand und die effizientesten und umweltfreundlichsten Additive ausgew\u00e4hlt. Die Qualit\u00e4t dieser Materialien wird bei ihrer Ankunft systematisch \u00fcberpr\u00fcft.<\/p>\n<p>Der so hergestellte Sand wird bei jedem Zubereitungszyklus mit Hilfe eines automatischen Hartley Control\u00ae-Ger\u00e4ts systematisch auf seine mechanischen Eigenschaften gepr\u00fcft und die Proben werden an akkreditierte Labors \u00fcbersandt. <\/td>\n<\/tr>\n<\/table>\n<\/div>\n<div class=\"tab\">\n<table width=\"100%;\">\n<tr>\n<td style=\"vertical-align:top\" width=\"165px\"><img decoding=\"async\" style=\"text-align: center;margin-top:25px;\" alt=\"H\u00c4RTE DER GUSSFORM\" src=\"https:\/\/www.arizzifonderie.com\/wp-content\/uploads\/2013\/05\/qualita_durezza_della_forma.jpg\" width=\"150\" \/><\/td>\n<td width=\"50px\"><p class=\"blank-line clearfix\"><br \/><\/p><\/td>\n<td style=\"vertical-align:top\">\n<p>Die Kalibrierung der Formungsparameter wird \u00fcber systematische Kontrollen der H\u00e4rte der Gussformen \u00fcberpr\u00fcft.<\/td>\n<\/tr>\n<\/table>\n<\/div>\n<\/div><\/div>\n<p>&nbsp;<\/p>\n<h2>KONTROLLE DER MERKMALE DER GUSSTEILE<\/h2>\n<p><strong>Die Konformit\u00e4t Ihres Entwurfs unter Beweis zu stellen ist f\u00fcr uns die gr\u00f6\u00dfte Genugtuung.<\/strong><\/p>\n<p>Die Pr\u00e4zision der Rohteile hat nie zuvor ein so hohes Niveau erreicht. Und wie kann man das unter Beweis stellen, wenn nicht durch Messen? Sichere Ma\u00dfe erm\u00f6glichen es uns, den Grad der strukturellen, geometrischen und Ma\u00dfkonformit\u00e4t des Teils zu bescheinigen.<\/p>\n<div class=\"tabs\">\n\t\t\t<ul class=\"tabs-menu clearfix\">\n\t\t\t\t<li class=\"selected-tab-menu\">GEOMETRIEPR\u00dcFUNG<div class=\"tab-over\">GEOMETRIEPR\u00dcFUNG<\/div><\/li>\n\t\t\t\t<li>HBW-PR\u00dcFUNG<div class=\"tab-over\">HBW-PR\u00dcFUNG<\/div><\/li>\n\t\t\t\t<li>MASSPR\u00dcFUNG<div class=\"tab-over\">MASSPR\u00dcFUNG<\/div><\/li>\n                \n                \n\t\t\t<\/ul>\n\t\t\t<div class=\"tabs-wrapper\">\n<div class=\"tab\">\n<table width=\"100%;\">\n<tr>\n<td style=\"vertical-align:top\" width=\"165px\"><img decoding=\"async\" style=\"text-align: center;margin-top:25px;\" alt=\"controllo HBW\" src=\"https:\/\/www.arizzifonderie.com\/wp-content\/uploads\/2013\/05\/qualita_controllo_hbv.jpg\" width=\"150\" \/><\/td>\n<td width=\"50px\"><p class=\"blank-line clearfix\"><br \/><\/p><\/td>\n<td style=\"vertical-align:top\">\n<p>Die H\u00e4rte ist ein sehr wichtiger Parameter, der jedoch von der Geometrie des Teils und der Qualit\u00e4t des Materials beeinflusst wird. Wir f\u00fchren Kontrollen mit station\u00e4ren und\/oder mobilen H\u00e4rtepr\u00fcfger\u00e4ten durch. <\/td>\n<\/tr>\n<\/table>\n<\/div>\n<div class=\"tab\">\n<table width=\"100%;\">\n<tr>\n<td style=\"vertical-align:top\" width=\"165px\"><img decoding=\"async\" style=\"text-align: center;margin-top:25px;\" alt=\"Controllo dimensionale\" src=\"https:\/\/www.arizzifonderie.com\/wp-content\/uploads\/2013\/05\/qualita_controllo_dimensionale.jpg\" width=\"150\" \/><\/td>\n<td width=\"50px\"><p class=\"blank-line clearfix\"><br \/><\/p><\/td>\n<td style=\"vertical-align:top\">\n<p>Es stehen traditionelle Ma\u00dfpr\u00fcfungen zur Kontrolle der Linearma\u00dfe zur Verf\u00fcgung.<\/td>\n<\/tr>\n<\/table>\n<\/div>\n<div class=\"tab\">\n<table width=\"100%;\">\n<tr>\n<td style=\"vertical-align:top\" width=\"165px\"><img decoding=\"async\" style=\"text-align: center;margin-top:25px;\" alt=\"Verifica geometrica\" src=\"https:\/\/www.arizzifonderie.com\/wp-content\/uploads\/2013\/05\/qualita_verifica_geometrica.jpg\" width=\"150\" \/><\/td>\n<td width=\"50px\"><p class=\"blank-line clearfix\"><br \/><\/p><\/td>\n<td style=\"vertical-align:top\">\n<p>Die beste verf\u00fcgbare technologische L\u00f6sung f\u00fcr eine realistische Abtastung der Oberfl\u00e4chen des Produkts und f\u00fcr den Vergleich mit der nativen 3D-Zeichnung. Das Ergebnis erm\u00f6glicht es, die geometrische Konformit\u00e4t und die Ma\u00dfkonformit\u00e4t des Produkts zu pr\u00fcfen. <\/td>\n<\/tr>\n<\/table>\n<\/div>\n<\/div><\/div>\n<p>&nbsp;<\/p>\n<h2>SYSTEMQUALIT\u00c4T<\/h2>\n<p><strong>Die Konformit\u00e4t Ihres Entwurfs unter Beweis zu stellen ist f\u00fcr uns die gr\u00f6\u00dfte Genugtuung.<\/strong><\/p>\n<p>Die Pr\u00e4zision der Rohteile hat nie zuvor ein so hohes Niveau erreicht. Und wie kann man das unter Beweis stellen, wenn nicht durch Messen? Sichere Ma\u00dfe erm\u00f6glichen es uns, den Grad der strukturellen, geometrischen und Ma\u00dfkonformit\u00e4t des Teils zu bescheinigen.<\/p>\n<div class=\"tabs\">\n\t\t\t<ul class=\"tabs-menu clearfix\">\n\t\t\t\t<li class=\"selected-tab-menu\">R\u00dcCKVERFOLGBARKEIT'<div class=\"tab-over\">R\u00dcCKVERFOLGBARKEIT'<\/div><\/li>\n\t\t\t\t<li>AUSSTELLUNG VON ZERTIFIKATEN<div class=\"tab-over\">AUSSTELLUNG VON ZERTIFIKATEN<\/div><\/li>\n\t\t\t\t<li>ISO 9001-ZERTIFIZIERUNG<div class=\"tab-over\">ISO 9001-ZERTIFIZIERUNG<\/div><\/li>\n                \n                \n\t\t\t<\/ul>\n\t\t\t<div class=\"tabs-wrapper\">\n<div class=\"tab\">\n<table width=\"100%;\">\n<tr>\n<td style=\"vertical-align:top\" width=\"165xp\"><img decoding=\"async\" style=\"float: left;padding:5px;margin-top:25px;\" alt=\"R\u00dcCKVERFOLGBARKEIT\" src=\"https:\/\/www.arizzifonderie.com\/wp-content\/uploads\/2013\/04\/barcode.jpg\" width=\"160px\" \/><\/td>\n<td width=\"50px\"><p class=\"blank-line clearfix\"><br \/><\/p><\/td>\n<td style=\"vertical-align:top\">\n<p>Alle Prozessphasen werden in unserem Informatiksystem entsprechend registriert und die einzelnen Lose werden mit Hilfe von Strichcodes verwaltet, um deren R\u00fcckverfolgbarkeit und Wiederauffindbarkeit zu gew\u00e4hrleisten.<\/td>\n<\/tr>\n<\/table>\n<\/div>\n<div class=\"tab\">\n<table width=\"100%;\">\n<tr>\n<td style=\"vertical-align:top\" width=165px\"><img decoding=\"async\" style=\"float: left;padding:5px;margin-top:25px;\" alt=\"AUSSTELLUNG VON ZERTIFIKATEN\" src=\"https:\/\/www.arizzifonderie.com\/wp-content\/uploads\/2013\/05\/qualita_rinnovare.jpg\" \/><\/td>\n<td width=\"50px\"><p class=\"blank-line clearfix\"><br \/><\/p><\/td>\n<td style=\"vertical-align:top\">\n<p>In \u00dcbereinstimmung mit der Norm UNI EN 10204 stellen wir zur Zertifizierung der Qualit\u00e4t der Bestellung die entsprechende Pr\u00fcfbescheinigung aus.<\/td>\n<\/tr>\n<\/table>\n<\/div>\n<div class=\"tab\">\n<table width=\"100%;\">\n<tr>\n<td style=\"vertical-align:top\">\n<p>Seit 1998 Einsatz des Systems und Zertifizierung nach UNI EN ISO 9001 durch die Gesellschaft Det Norske Veritas.<\/td>\n<\/tr>\n<\/table>\n<\/div>\n<\/div><\/div>\n","protected":false},"excerpt":{"rendered":"<p>QUALIT\u00c4TSPOLITIK Arizzi Fonderie hat, insbesondere im Laufe der letzten Jahre, ihr Engagement intensiviert, um ihre Qualit\u00e4t auf h\u00f6chste Standards zu bringen. Das kontinuierliche Streben nach einer Verbesserung der Prozess- und Produktqualit\u00e4t hat es Arizzi Fonderie erm\u00f6glicht, Lieferant bedeutender internationaler Gruppen &hellip; <a href=\"https:\/\/www.arizzifonderie.com\/de\/qualitat\/\">Continue reading <span class=\"meta-nav\">&rarr;<\/span><\/a><\/p>\n","protected":false},"author":1,"featured_media":79,"parent":0,"menu_order":0,"comment_status":"closed","ping_status":"closed","template":"","meta":{"footnotes":""},"class_list":["post-83","page","type-page","status-publish","has-post-thumbnail","hentry"],"yoast_head":"<!-- This site is optimized with the Yoast SEO plugin v27.0 - https:\/\/yoast.com\/product\/yoast-seo-wordpress\/ -->\n<title>Qualit\u00e4t - Arizzi fonderie - Albino (Bergamo)<\/title>\n<meta name=\"robots\" content=\"index, follow, max-snippet:-1, max-image-preview:large, max-video-preview:-1\" \/>\n<link rel=\"canonical\" href=\"https:\/\/www.arizzifonderie.com\/de\/qualitat\/\" \/>\n<meta property=\"og:locale\" content=\"de_DE\" \/>\n<meta property=\"og:type\" content=\"article\" \/>\n<meta property=\"og:title\" content=\"Qualit\u00e4t - Arizzi fonderie - Albino (Bergamo)\" \/>\n<meta property=\"og:description\" content=\"QUALIT\u00c4TSPOLITIK Arizzi Fonderie hat, insbesondere im Laufe der letzten Jahre, ihr Engagement intensiviert, um ihre Qualit\u00e4t auf h\u00f6chste Standards zu bringen. Das kontinuierliche Streben nach einer Verbesserung der Prozess- und Produktqualit\u00e4t hat es Arizzi Fonderie erm\u00f6glicht, Lieferant bedeutender internationaler Gruppen &hellip; Continue reading &rarr;\" \/>\n<meta property=\"og:url\" content=\"https:\/\/www.arizzifonderie.com\/de\/qualitat\/\" \/>\n<meta property=\"og:site_name\" content=\"Arizzi fonderie\" \/>\n<meta property=\"article:modified_time\" content=\"2017-01-31T16:03:20+00:00\" \/>\n<meta property=\"og:image\" content=\"https:\/\/www.arizzifonderie.com\/wp-content\/uploads\/2015\/11\/header_full_qualita_ambiente.jpg\" \/>\n\t<meta property=\"og:image:width\" content=\"1920\" \/>\n\t<meta property=\"og:image:height\" content=\"320\" \/>\n\t<meta property=\"og:image:type\" content=\"image\/jpeg\" \/>\n<meta name=\"twitter:card\" content=\"summary_large_image\" \/>\n<meta name=\"twitter:label1\" content=\"Gesch\u00e4tzte Lesezeit\" \/>\n\t<meta name=\"twitter:data1\" content=\"5\u00a0Minuten\" \/>\n<script type=\"application\/ld+json\" class=\"yoast-schema-graph\">{\"@context\":\"https:\/\/schema.org\",\"@graph\":[{\"@type\":\"WebPage\",\"@id\":\"https:\/\/www.arizzifonderie.com\/de\/qualitat\/\",\"url\":\"https:\/\/www.arizzifonderie.com\/de\/qualitat\/\",\"name\":\"Qualit\u00e4t - Arizzi fonderie - Albino (Bergamo)\",\"isPartOf\":{\"@id\":\"https:\/\/www.arizzifonderie.com\/#website\"},\"primaryImageOfPage\":{\"@id\":\"https:\/\/www.arizzifonderie.com\/de\/qualitat\/#primaryimage\"},\"image\":{\"@id\":\"https:\/\/www.arizzifonderie.com\/de\/qualitat\/#primaryimage\"},\"thumbnailUrl\":\"https:\/\/www.arizzifonderie.com\/wp-content\/uploads\/2015\/11\/header_full_qualita_ambiente.jpg\",\"datePublished\":\"2015-11-11T16:02:06+00:00\",\"dateModified\":\"2017-01-31T16:03:20+00:00\",\"breadcrumb\":{\"@id\":\"https:\/\/www.arizzifonderie.com\/de\/qualitat\/#breadcrumb\"},\"inLanguage\":\"de\",\"potentialAction\":[{\"@type\":\"ReadAction\",\"target\":[\"https:\/\/www.arizzifonderie.com\/de\/qualitat\/\"]}]},{\"@type\":\"ImageObject\",\"inLanguage\":\"de\",\"@id\":\"https:\/\/www.arizzifonderie.com\/de\/qualitat\/#primaryimage\",\"url\":\"https:\/\/www.arizzifonderie.com\/wp-content\/uploads\/2015\/11\/header_full_qualita_ambiente.jpg\",\"contentUrl\":\"https:\/\/www.arizzifonderie.com\/wp-content\/uploads\/2015\/11\/header_full_qualita_ambiente.jpg\",\"width\":1920,\"height\":320},{\"@type\":\"BreadcrumbList\",\"@id\":\"https:\/\/www.arizzifonderie.com\/de\/qualitat\/#breadcrumb\",\"itemListElement\":[{\"@type\":\"ListItem\",\"position\":1,\"name\":\"Home\",\"item\":\"https:\/\/www.arizzifonderie.com\/de\/\"},{\"@type\":\"ListItem\",\"position\":2,\"name\":\"Qualit\u00e4t\"}]},{\"@type\":\"WebSite\",\"@id\":\"https:\/\/www.arizzifonderie.com\/#website\",\"url\":\"https:\/\/www.arizzifonderie.com\/\",\"name\":\"Arizzi fonderie\",\"description\":\"Ghisa Albino (Bergamo)\",\"potentialAction\":[{\"@type\":\"SearchAction\",\"target\":{\"@type\":\"EntryPoint\",\"urlTemplate\":\"https:\/\/www.arizzifonderie.com\/?s={search_term_string}\"},\"query-input\":{\"@type\":\"PropertyValueSpecification\",\"valueRequired\":true,\"valueName\":\"search_term_string\"}}],\"inLanguage\":\"de\"}]}<\/script>\n<!-- \/ Yoast SEO plugin. -->","yoast_head_json":{"title":"Qualit\u00e4t - Arizzi fonderie - Albino (Bergamo)","robots":{"index":"index","follow":"follow","max-snippet":"max-snippet:-1","max-image-preview":"max-image-preview:large","max-video-preview":"max-video-preview:-1"},"canonical":"https:\/\/www.arizzifonderie.com\/de\/qualitat\/","og_locale":"de_DE","og_type":"article","og_title":"Qualit\u00e4t - Arizzi fonderie - Albino (Bergamo)","og_description":"QUALIT\u00c4TSPOLITIK Arizzi Fonderie hat, insbesondere im Laufe der letzten Jahre, ihr Engagement intensiviert, um ihre Qualit\u00e4t auf h\u00f6chste Standards zu bringen. Das kontinuierliche Streben nach einer Verbesserung der Prozess- und Produktqualit\u00e4t hat es Arizzi Fonderie erm\u00f6glicht, Lieferant bedeutender internationaler Gruppen &hellip; Continue reading &rarr;","og_url":"https:\/\/www.arizzifonderie.com\/de\/qualitat\/","og_site_name":"Arizzi fonderie","article_modified_time":"2017-01-31T16:03:20+00:00","og_image":[{"width":1920,"height":320,"url":"https:\/\/www.arizzifonderie.com\/wp-content\/uploads\/2015\/11\/header_full_qualita_ambiente.jpg","type":"image\/jpeg"}],"twitter_card":"summary_large_image","twitter_misc":{"Gesch\u00e4tzte Lesezeit":"5\u00a0Minuten"},"schema":{"@context":"https:\/\/schema.org","@graph":[{"@type":"WebPage","@id":"https:\/\/www.arizzifonderie.com\/de\/qualitat\/","url":"https:\/\/www.arizzifonderie.com\/de\/qualitat\/","name":"Qualit\u00e4t - Arizzi fonderie - Albino (Bergamo)","isPartOf":{"@id":"https:\/\/www.arizzifonderie.com\/#website"},"primaryImageOfPage":{"@id":"https:\/\/www.arizzifonderie.com\/de\/qualitat\/#primaryimage"},"image":{"@id":"https:\/\/www.arizzifonderie.com\/de\/qualitat\/#primaryimage"},"thumbnailUrl":"https:\/\/www.arizzifonderie.com\/wp-content\/uploads\/2015\/11\/header_full_qualita_ambiente.jpg","datePublished":"2015-11-11T16:02:06+00:00","dateModified":"2017-01-31T16:03:20+00:00","breadcrumb":{"@id":"https:\/\/www.arizzifonderie.com\/de\/qualitat\/#breadcrumb"},"inLanguage":"de","potentialAction":[{"@type":"ReadAction","target":["https:\/\/www.arizzifonderie.com\/de\/qualitat\/"]}]},{"@type":"ImageObject","inLanguage":"de","@id":"https:\/\/www.arizzifonderie.com\/de\/qualitat\/#primaryimage","url":"https:\/\/www.arizzifonderie.com\/wp-content\/uploads\/2015\/11\/header_full_qualita_ambiente.jpg","contentUrl":"https:\/\/www.arizzifonderie.com\/wp-content\/uploads\/2015\/11\/header_full_qualita_ambiente.jpg","width":1920,"height":320},{"@type":"BreadcrumbList","@id":"https:\/\/www.arizzifonderie.com\/de\/qualitat\/#breadcrumb","itemListElement":[{"@type":"ListItem","position":1,"name":"Home","item":"https:\/\/www.arizzifonderie.com\/de\/"},{"@type":"ListItem","position":2,"name":"Qualit\u00e4t"}]},{"@type":"WebSite","@id":"https:\/\/www.arizzifonderie.com\/#website","url":"https:\/\/www.arizzifonderie.com\/","name":"Arizzi fonderie","description":"Ghisa Albino (Bergamo)","potentialAction":[{"@type":"SearchAction","target":{"@type":"EntryPoint","urlTemplate":"https:\/\/www.arizzifonderie.com\/?s={search_term_string}"},"query-input":{"@type":"PropertyValueSpecification","valueRequired":true,"valueName":"search_term_string"}}],"inLanguage":"de"}]}},"_links":{"self":[{"href":"https:\/\/www.arizzifonderie.com\/de\/wp-json\/wp\/v2\/pages\/83","targetHints":{"allow":["GET"]}}],"collection":[{"href":"https:\/\/www.arizzifonderie.com\/de\/wp-json\/wp\/v2\/pages"}],"about":[{"href":"https:\/\/www.arizzifonderie.com\/de\/wp-json\/wp\/v2\/types\/page"}],"author":[{"embeddable":true,"href":"https:\/\/www.arizzifonderie.com\/de\/wp-json\/wp\/v2\/users\/1"}],"replies":[{"embeddable":true,"href":"https:\/\/www.arizzifonderie.com\/de\/wp-json\/wp\/v2\/comments?post=83"}],"version-history":[{"count":1,"href":"https:\/\/www.arizzifonderie.com\/de\/wp-json\/wp\/v2\/pages\/83\/revisions"}],"predecessor-version":[{"id":292,"href":"https:\/\/www.arizzifonderie.com\/de\/wp-json\/wp\/v2\/pages\/83\/revisions\/292"}],"wp:featuredmedia":[{"embeddable":true,"href":"https:\/\/www.arizzifonderie.com\/de\/wp-json\/wp\/v2\/media\/79"}],"wp:attachment":[{"href":"https:\/\/www.arizzifonderie.com\/de\/wp-json\/wp\/v2\/media?parent=83"}],"curies":[{"name":"wp","href":"https:\/\/api.w.org\/{rel}","templated":true}]}}