{"id":73,"date":"2015-11-11T16:54:55","date_gmt":"2015-11-11T15:54:55","guid":{"rendered":"https:\/\/www.arizzifonderie.com\/de\/?page_id=73"},"modified":"2016-05-12T18:15:14","modified_gmt":"2016-05-12T16:15:14","slug":"produktion","status":"publish","type":"page","link":"https:\/\/www.arizzifonderie.com\/de\/produktion\/","title":{"rendered":"Produktion"},"content":{"rendered":"<h2>PRODUKTION<\/h2>\n<p>Arizzi Fonderie stellt ihre Gussteile in \u00dcbereinstimmung mit den Normen <strong> UNI EN 1561, UNI EN 1563 und den ASTM-Normen<\/strong> her.<\/p>\n<p>Arizzi Fonderie verf\u00fcgt \u00fcber moderne Technologien, mit denen sie auf Rechnung Dritter eine gro\u00dfe Zahl von Artikeln unterschiedlichster Warenkategorien mit einem Gewicht zwischen 0,100 kg und 1000 kg herstellen kann.<\/p>\n<div class=\"riga\">\n<div class=\"content-third\">\n<a href=\"https:\/\/www.arizzifonderie.com\/de\/produktion\/motor-kurbelgehause\/\"><img loading=\"lazy\" decoding=\"async\" class=\"lista-prodotti\" alt=\"Motor-Kurbelgeh\u00e4use\" src=\"https:\/\/www.arizzifonderie.com\/wp-content\/uploads\/2013\/03\/engine_blocks.jpg\" width=\"188\" height=\"188\" \/><\/a><br \/>\n<a target=\"_self\" href=\"motor-kurbelgehause\" style=\"\" class=\"button medium button-style1\">Motor-Kurbelgeh\u00e4use<\/a>\n<\/div>\n<div class=\"content-third\">\n<a href=\"https:\/\/www.arizzifonderie.com\/de\/produktion\/motorkopfe\/\"><img loading=\"lazy\" decoding=\"async\" class=\"alignnone size-full wp-image-1054\" alt=\"Motork\u00f6pfe\" src=\"https:\/\/www.arizzifonderie.com\/wp-content\/uploads\/2013\/products\/motor-head.jpg\" width=\"188\" height=\"188\" \/><\/a><br \/>\n<a target=\"_self\" href=\"motorkopfe\" style=\"\" class=\"button medium button-style1\">Motork\u00f6pfe<\/a>\n<\/div>\n<div class=\"content-third last\">\n<a href=\"https:\/\/www.arizzifonderie.com\/de\/produktion\/getriebegehause\/\"><img loading=\"lazy\" decoding=\"async\" class=\"alignnone size-full wp-image-1049\" alt=\"Getriebegeh\u00e4use\t\" src=\"https:\/\/www.arizzifonderie.com\/wp-content\/uploads\/2013\/products\/gear-boxes.jpg\" width=\"188\" height=\"188\" \/><\/a><br \/>\n<a target=\"_self\" href=\"getriebegehause\" style=\"\" class=\"button medium button-style1\">Getriebegeh\u00e4use\t<\/a>\n<\/div><div class=\"clearfix\"><\/div>\n<\/div>\n<div class=\"riga\">\n<div class=\"content-third\">\n<a href=\"https:\/\/www.arizzifonderie.com\/de\/produktion\/antriebskomponenten\/\"><img loading=\"lazy\" decoding=\"async\" class=\"alignnone size-full wp-image-1054\" alt=\"Antriebskomponenten\" src=\"https:\/\/www.arizzifonderie.com\/wp-content\/uploads\/2013\/products\/transmission-parts.jpg\" width=\"188\" height=\"188\" \/><\/a><br \/>\n<a target=\"_self\" href=\"antriebskomponenten\" style=\"\" class=\"button medium button-style1\">Antriebskomponenten<\/a>\n<\/div>\n<div class=\"content-third\">\n<a href=\"https:\/\/www.arizzifonderie.com\/de\/produktion\/landwirtschaftliche-maschinen\/\"><img loading=\"lazy\" decoding=\"async\" class=\"alignnone size-full wp-image-1054\" alt=\"Landwirtschaftliche Maschinen\" src=\"https:\/\/www.arizzifonderie.com\/wp-content\/uploads\/2013\/products\/tractor-parts.jpg\" width=\"188\" height=\"188\" \/><\/a><br \/>\n<a target=\"_self\" href=\"landwirtschaftliche-maschinen\" style=\"\" class=\"button medium button-style1\">Landwirtschaftliche Maschinen<\/a>\n<\/div>\n<div class=\"content-third last\">\n<a href=\"https:\/\/www.arizzifonderie.com\/de\/produktion\/hydraulikpumpen\/\"><img loading=\"lazy\" decoding=\"async\" class=\"alignnone size-full wp-image-1054\" alt=\"Hydraulikpumpen\" src=\"https:\/\/www.arizzifonderie.com\/wp-content\/uploads\/2013\/products\/hydraulic-pumps.jpg\" width=\"188\" height=\"188\" \/><\/a><br \/>\n<a target=\"_self\" href=\"hydraulikpumpen\" style=\"\" class=\"button medium button-style1\">Hydraulikpumpen<\/a>\n<\/div><div class=\"clearfix\"><\/div>\n<\/div>\n<div class=\"riga\">\n<div class=\"content-third\">\n<a href=\"https:\/\/www.arizzifonderie.com\/de\/produktion\/militarische-verteidigung\/\"><img loading=\"lazy\" decoding=\"async\" class=\"alignnone  wp-image-1054\" alt=\"Milit\u00e4rische Verteidigung\" src=\"https:\/\/www.arizzifonderie.com\/wp-content\/uploads\/2013\/03\/military_defense.jpg\" width=\"188\" height=\"188\" \/><\/a><br \/>\n<a target=\"_self\" href=\"militarische-verteidigung\" style=\"\" class=\"button medium button-style1\">Milit\u00e4rische Verteidigung<\/a>\n<\/div>\n<div class=\"content-third\">\n<a href=\"https:\/\/www.arizzifonderie.com\/de\/produktion\/abwasserpumpen\/\"><img loading=\"lazy\" decoding=\"async\" class=\"lista-prodotti\" alt=\"Abwasserpumpen\" src=\"https:\/\/www.arizzifonderie.com\/wp-content\/uploads\/2013\/products\/valves.jpg\" width=\"188\" height=\"188\" \/><\/a><br \/>\n<a target=\"_self\" href=\"abwasserpumpen\" style=\"\" class=\"button medium button-style1\">Abwasserpumpen<\/a><\/div>\n<div class=\"content-third last\">\n<a href=\"https:\/\/www.arizzifonderie.com\/de\/produktion\/pumpenkomponenten\/\"><img loading=\"lazy\" decoding=\"async\" class=\"lista-prodotti\" alt=\"Pumpenkomponenten\" src=\"https:\/\/www.arizzifonderie.com\/wp-content\/uploads\/2013\/products\/engine-blocks.jpg\" width=\"188\" height=\"188\" \/><\/a><br \/>\n<a target=\"_self\" href=\"pumpenkomponenten\" style=\"\" class=\"button medium button-style1\">Pumpenkomponenten<\/a>\n<\/div><div class=\"clearfix\"><\/div>\n<\/div>\n<div class=\"riga\">\n<div class=\"content-third\">\n<a href=\"https:\/\/www.arizzifonderie.com\/de\/produktion\/textilmaschinen\/\"><img loading=\"lazy\" decoding=\"async\" class=\"alignnone size-full wp-image-1054\" alt=\"Textilmaschinen\" src=\"https:\/\/www.arizzifonderie.com\/wp-content\/uploads\/2013\/products\/textile-machinery.jpg\" width=\"188\" height=\"188\" \/><\/a><br \/>\n<a target=\"_self\" href=\"textilmaschinen\" style=\"\" class=\"button medium button-style1\">Textilmaschinen<\/a>\n<\/div>\n<\/div>\n","protected":false},"excerpt":{"rendered":"<p>PRODUKTION Arizzi Fonderie stellt ihre Gussteile in \u00dcbereinstimmung mit den Normen UNI EN 1561, UNI EN 1563 und den ASTM-Normen her. Arizzi Fonderie verf\u00fcgt \u00fcber moderne Technologien, mit denen sie auf Rechnung Dritter eine gro\u00dfe Zahl von Artikeln unterschiedlichster Warenkategorien &hellip; <a href=\"https:\/\/www.arizzifonderie.com\/de\/produktion\/\">Continue reading <span class=\"meta-nav\">&rarr;<\/span><\/a><\/p>\n","protected":false},"author":1,"featured_media":69,"parent":0,"menu_order":0,"comment_status":"closed","ping_status":"closed","template":"","meta":{"footnotes":""},"class_list":["post-73","page","type-page","status-publish","has-post-thumbnail","hentry"],"yoast_head":"<!-- This site is optimized with the Yoast SEO plugin v27.0 - https:\/\/yoast.com\/product\/yoast-seo-wordpress\/ -->\n<title>Produktion - Arizzi fonderie - Albino (Bergamo)<\/title>\n<meta name=\"robots\" content=\"index, follow, max-snippet:-1, max-image-preview:large, max-video-preview:-1\" \/>\n<link rel=\"canonical\" href=\"https:\/\/www.arizzifonderie.com\/de\/produktion\/\" \/>\n<meta property=\"og:locale\" content=\"de_DE\" \/>\n<meta property=\"og:type\" content=\"article\" \/>\n<meta property=\"og:title\" content=\"Produktion - Arizzi fonderie - Albino (Bergamo)\" \/>\n<meta property=\"og:description\" content=\"PRODUKTION Arizzi Fonderie stellt ihre Gussteile in \u00dcbereinstimmung mit den Normen UNI EN 1561, UNI EN 1563 und den ASTM-Normen her. Arizzi Fonderie verf\u00fcgt \u00fcber moderne Technologien, mit denen sie auf Rechnung Dritter eine gro\u00dfe Zahl von Artikeln unterschiedlichster Warenkategorien &hellip; Continue reading &rarr;\" \/>\n<meta property=\"og:url\" content=\"https:\/\/www.arizzifonderie.com\/de\/produktion\/\" \/>\n<meta property=\"og:site_name\" content=\"Arizzi fonderie\" \/>\n<meta property=\"article:modified_time\" content=\"2016-05-12T16:15:14+00:00\" \/>\n<meta property=\"og:image\" content=\"https:\/\/www.arizzifonderie.com\/wp-content\/uploads\/2015\/11\/header_full_colata.jpg\" \/>\n\t<meta property=\"og:image:width\" content=\"1920\" \/>\n\t<meta property=\"og:image:height\" content=\"320\" \/>\n\t<meta property=\"og:image:type\" content=\"image\/jpeg\" \/>\n<meta name=\"twitter:card\" content=\"summary_large_image\" \/>\n<meta name=\"twitter:label1\" content=\"Gesch\u00e4tzte Lesezeit\" \/>\n\t<meta name=\"twitter:data1\" content=\"1\u00a0Minute\" \/>\n<script type=\"application\/ld+json\" class=\"yoast-schema-graph\">{\"@context\":\"https:\/\/schema.org\",\"@graph\":[{\"@type\":\"WebPage\",\"@id\":\"https:\/\/www.arizzifonderie.com\/de\/produktion\/\",\"url\":\"https:\/\/www.arizzifonderie.com\/de\/produktion\/\",\"name\":\"Produktion - Arizzi fonderie - Albino (Bergamo)\",\"isPartOf\":{\"@id\":\"https:\/\/www.arizzifonderie.com\/#website\"},\"primaryImageOfPage\":{\"@id\":\"https:\/\/www.arizzifonderie.com\/de\/produktion\/#primaryimage\"},\"image\":{\"@id\":\"https:\/\/www.arizzifonderie.com\/de\/produktion\/#primaryimage\"},\"thumbnailUrl\":\"https:\/\/www.arizzifonderie.com\/wp-content\/uploads\/2015\/11\/header_full_colata.jpg\",\"datePublished\":\"2015-11-11T15:54:55+00:00\",\"dateModified\":\"2016-05-12T16:15:14+00:00\",\"breadcrumb\":{\"@id\":\"https:\/\/www.arizzifonderie.com\/de\/produktion\/#breadcrumb\"},\"inLanguage\":\"de\",\"potentialAction\":[{\"@type\":\"ReadAction\",\"target\":[\"https:\/\/www.arizzifonderie.com\/de\/produktion\/\"]}]},{\"@type\":\"ImageObject\",\"inLanguage\":\"de\",\"@id\":\"https:\/\/www.arizzifonderie.com\/de\/produktion\/#primaryimage\",\"url\":\"https:\/\/www.arizzifonderie.com\/wp-content\/uploads\/2015\/11\/header_full_colata.jpg\",\"contentUrl\":\"https:\/\/www.arizzifonderie.com\/wp-content\/uploads\/2015\/11\/header_full_colata.jpg\",\"width\":1920,\"height\":320},{\"@type\":\"BreadcrumbList\",\"@id\":\"https:\/\/www.arizzifonderie.com\/de\/produktion\/#breadcrumb\",\"itemListElement\":[{\"@type\":\"ListItem\",\"position\":1,\"name\":\"Home\",\"item\":\"https:\/\/www.arizzifonderie.com\/de\/\"},{\"@type\":\"ListItem\",\"position\":2,\"name\":\"Produktion\"}]},{\"@type\":\"WebSite\",\"@id\":\"https:\/\/www.arizzifonderie.com\/#website\",\"url\":\"https:\/\/www.arizzifonderie.com\/\",\"name\":\"Arizzi fonderie\",\"description\":\"Ghisa Albino (Bergamo)\",\"potentialAction\":[{\"@type\":\"SearchAction\",\"target\":{\"@type\":\"EntryPoint\",\"urlTemplate\":\"https:\/\/www.arizzifonderie.com\/?s={search_term_string}\"},\"query-input\":{\"@type\":\"PropertyValueSpecification\",\"valueRequired\":true,\"valueName\":\"search_term_string\"}}],\"inLanguage\":\"de\"}]}<\/script>\n<!-- \/ Yoast SEO plugin. -->","yoast_head_json":{"title":"Produktion - Arizzi fonderie - Albino (Bergamo)","robots":{"index":"index","follow":"follow","max-snippet":"max-snippet:-1","max-image-preview":"max-image-preview:large","max-video-preview":"max-video-preview:-1"},"canonical":"https:\/\/www.arizzifonderie.com\/de\/produktion\/","og_locale":"de_DE","og_type":"article","og_title":"Produktion - Arizzi fonderie - Albino (Bergamo)","og_description":"PRODUKTION Arizzi Fonderie stellt ihre Gussteile in \u00dcbereinstimmung mit den Normen UNI EN 1561, UNI EN 1563 und den ASTM-Normen her. Arizzi Fonderie verf\u00fcgt \u00fcber moderne Technologien, mit denen sie auf Rechnung Dritter eine gro\u00dfe Zahl von Artikeln unterschiedlichster Warenkategorien &hellip; Continue reading &rarr;","og_url":"https:\/\/www.arizzifonderie.com\/de\/produktion\/","og_site_name":"Arizzi fonderie","article_modified_time":"2016-05-12T16:15:14+00:00","og_image":[{"width":1920,"height":320,"url":"https:\/\/www.arizzifonderie.com\/wp-content\/uploads\/2015\/11\/header_full_colata.jpg","type":"image\/jpeg"}],"twitter_card":"summary_large_image","twitter_misc":{"Gesch\u00e4tzte Lesezeit":"1\u00a0Minute"},"schema":{"@context":"https:\/\/schema.org","@graph":[{"@type":"WebPage","@id":"https:\/\/www.arizzifonderie.com\/de\/produktion\/","url":"https:\/\/www.arizzifonderie.com\/de\/produktion\/","name":"Produktion - Arizzi fonderie - Albino (Bergamo)","isPartOf":{"@id":"https:\/\/www.arizzifonderie.com\/#website"},"primaryImageOfPage":{"@id":"https:\/\/www.arizzifonderie.com\/de\/produktion\/#primaryimage"},"image":{"@id":"https:\/\/www.arizzifonderie.com\/de\/produktion\/#primaryimage"},"thumbnailUrl":"https:\/\/www.arizzifonderie.com\/wp-content\/uploads\/2015\/11\/header_full_colata.jpg","datePublished":"2015-11-11T15:54:55+00:00","dateModified":"2016-05-12T16:15:14+00:00","breadcrumb":{"@id":"https:\/\/www.arizzifonderie.com\/de\/produktion\/#breadcrumb"},"inLanguage":"de","potentialAction":[{"@type":"ReadAction","target":["https:\/\/www.arizzifonderie.com\/de\/produktion\/"]}]},{"@type":"ImageObject","inLanguage":"de","@id":"https:\/\/www.arizzifonderie.com\/de\/produktion\/#primaryimage","url":"https:\/\/www.arizzifonderie.com\/wp-content\/uploads\/2015\/11\/header_full_colata.jpg","contentUrl":"https:\/\/www.arizzifonderie.com\/wp-content\/uploads\/2015\/11\/header_full_colata.jpg","width":1920,"height":320},{"@type":"BreadcrumbList","@id":"https:\/\/www.arizzifonderie.com\/de\/produktion\/#breadcrumb","itemListElement":[{"@type":"ListItem","position":1,"name":"Home","item":"https:\/\/www.arizzifonderie.com\/de\/"},{"@type":"ListItem","position":2,"name":"Produktion"}]},{"@type":"WebSite","@id":"https:\/\/www.arizzifonderie.com\/#website","url":"https:\/\/www.arizzifonderie.com\/","name":"Arizzi fonderie","description":"Ghisa Albino (Bergamo)","potentialAction":[{"@type":"SearchAction","target":{"@type":"EntryPoint","urlTemplate":"https:\/\/www.arizzifonderie.com\/?s={search_term_string}"},"query-input":{"@type":"PropertyValueSpecification","valueRequired":true,"valueName":"search_term_string"}}],"inLanguage":"de"}]}},"_links":{"self":[{"href":"https:\/\/www.arizzifonderie.com\/de\/wp-json\/wp\/v2\/pages\/73","targetHints":{"allow":["GET"]}}],"collection":[{"href":"https:\/\/www.arizzifonderie.com\/de\/wp-json\/wp\/v2\/pages"}],"about":[{"href":"https:\/\/www.arizzifonderie.com\/de\/wp-json\/wp\/v2\/types\/page"}],"author":[{"embeddable":true,"href":"https:\/\/www.arizzifonderie.com\/de\/wp-json\/wp\/v2\/users\/1"}],"replies":[{"embeddable":true,"href":"https:\/\/www.arizzifonderie.com\/de\/wp-json\/wp\/v2\/comments?post=73"}],"version-history":[{"count":1,"href":"https:\/\/www.arizzifonderie.com\/de\/wp-json\/wp\/v2\/pages\/73\/revisions"}],"predecessor-version":[{"id":263,"href":"https:\/\/www.arizzifonderie.com\/de\/wp-json\/wp\/v2\/pages\/73\/revisions\/263"}],"wp:featuredmedia":[{"embeddable":true,"href":"https:\/\/www.arizzifonderie.com\/de\/wp-json\/wp\/v2\/media\/69"}],"wp:attachment":[{"href":"https:\/\/www.arizzifonderie.com\/de\/wp-json\/wp\/v2\/media?parent=73"}],"curies":[{"name":"wp","href":"https:\/\/api.w.org\/{rel}","templated":true}]}}