{"id":62,"date":"2015-11-11T16:43:04","date_gmt":"2015-11-11T15:43:04","guid":{"rendered":"https:\/\/www.arizzifonderie.com\/de\/?page_id=62"},"modified":"2015-11-11T16:43:04","modified_gmt":"2015-11-11T15:43:04","slug":"engineering","status":"publish","type":"page","link":"https:\/\/www.arizzifonderie.com\/de\/engineering\/","title":{"rendered":"Engineering"},"content":{"rendered":"<h2>Engineering<\/h2>\n<p><em><strong>Wir planen gemeinsam!<br \/>\nWenn du einen Apfel hast, und ich habe einen Apfel, und wir tauschen die \u00c4pfel, wird jeder von uns nach wie vor einen Apfel haben. Aber wenn du eine Idee hast, und ich habe eine Idee, und wir tauschen diese Ideen aus, dann wird jeder von uns zwei Ideen haben.<br \/>\n(George Bernhard Shaw)<br \/>\n<\/strong><br \/>\n<\/em><\/p>\n<p>Ausgehend von einer Zeichnung nimmt unser technisches Team selbst\u00e4ndig die \u00c4nderungen vor, die f\u00fcr die Industrialisierung des Produktes notwendig sind, und stellt die f\u00fcr die Herstellung des Produkts erforderlichen Formen her.<\/p>\n<p>Arizzi Fonderie entwirft und realisiert f\u00fcr Sie die Formen, die am besten f\u00fcr die Herstellung Ihrer Gussteile geeignet sind, und arbeitet unter Einsatz der am besten geeigneten Materialien, von Holz \u00fcber hochqualitative Harze bis hin zu Metall, die f\u00fcr Sie ideale Konfiguration aus.<\/p>\n<div class=\"tabs\">\n\t\t\t<ul class=\"tabs-menu clearfix\">\n\t\t\t\t<li class=\"selected-tab-menu\">SIMULATION<div class=\"tab-over\">SIMULATION<\/div><\/li>\n\t\t\t\t<li>REVERSE ENGINEERING<div class=\"tab-over\">REVERSE ENGINEERING<\/div><\/li>\n\t\t\t\t<li>CO-DESIGN<div class=\"tab-over\">CO-DESIGN<\/div><\/li>\n                \n                \n\t\t\t<\/ul>\n\t\t\t<div class=\"tabs-wrapper\">\n<div class=\"tab\">\n<table width=\"100%;\">\n<tbody>\n<tr>\n<td style=\"vertical-align: top;\" width=\"165xp\"><img decoding=\"async\" style=\"float: left; padding: 5px; margin-top: 25px;\" alt=\"Simulation\" src=\"https:\/\/www.arizzifonderie.com\/wp-content\/uploads\/2013\/05\/engineering_simulazione.jpg\" width=\"160px\" \/><\/td>\n<td width=\"50px\"><p class=\"blank-line clearfix\"><br \/><\/p><\/td>\n<td style=\"vertical-align: top;\">\n<p>Um die effizienteste L\u00f6sung zu finden, arbeiten wir bereits in der Entwurfsphase mit Ihnen zusammen. Mit Ihrem Entwurf f\u00fchren wir digitale Simulationen durch, um die Bereiche ausfindig zu machen, die in der Erstarrungsphase des Teils unter Umst\u00e4nden kritisch sein k\u00f6nnten.<\/td>\n<\/tr>\n<\/tbody>\n<\/table>\n<\/div>\n<div class=\"tab\">\n<table width=\"100%;\">\n<tbody>\n<tr>\n<td style=\"vertical-align: top;\" width=\"165px\"><img decoding=\"async\" style=\"float: left; padding: 5px; margin-top: 25px;\" alt=\"Reserve-Enginnering\" src=\"https:\/\/www.arizzifonderie.com\/wp-content\/uploads\/2013\/05\/engineering_reverse.jpg\" width=\"165\" \/><\/td>\n<td width=\"50px\"><p class=\"blank-line clearfix\"><br \/><\/p><\/td>\n<td style=\"vertical-align: top;\">\n<p>Falls keine Zeichnungen verf\u00fcgbar sind, kann das technische Team von Arizzi diese ausgehend von einem Muster mittels Reverse Engineering f\u00fcr Sie erstellen.<\/td>\n<\/tr>\n<\/tbody>\n<\/table>\n<\/div>\n<div class=\"tab\">\n<table width=\"100%;\">\n<tbody>\n<tr>\n<td style=\"vertical-align: top;\" width=\"165px\"><img decoding=\"async\" style=\"text-align: center; margin-top: 25px;\" alt=\"Co-Design\" src=\"https:\/\/www.arizzifonderie.com\/wp-content\/uploads\/2013\/05\/engineering_co-design.jpg\"  width=\"165\" \/><\/td>\n<td width=\"50px\"><p class=\"blank-line clearfix\"><br \/><\/p><\/td>\n<td style=\"vertical-align:top;\">\n<p>Ein gemeinsames Ziel! Ein Qualit\u00e4tsprodukt herzustellen ist unter anderem auch das Resultat der gemeinsamen Nutzung von Informationen. Wir bieten Ihnen unseren gesamten Erfahrungsschatz an, um eine \u00dcbereinstimmung Ihres Entwurfs mit den Schmelzverfahren zu erzielen.<\/td>\n<\/tr>\n<\/tbody>\n<\/table>\n<\/div>\n<\/div><\/div>\n","protected":false},"excerpt":{"rendered":"<p>Engineering Wir planen gemeinsam! Wenn du einen Apfel hast, und ich habe einen Apfel, und wir tauschen die \u00c4pfel, wird jeder von uns nach wie vor einen Apfel haben. Aber wenn du eine Idee hast, und ich habe eine Idee, &hellip; <a href=\"https:\/\/www.arizzifonderie.com\/de\/engineering\/\">Continue reading <span class=\"meta-nav\">&rarr;<\/span><\/a><\/p>\n","protected":false},"author":1,"featured_media":59,"parent":0,"menu_order":0,"comment_status":"closed","ping_status":"closed","template":"","meta":{"footnotes":""},"class_list":["post-62","page","type-page","status-publish","has-post-thumbnail","hentry"],"yoast_head":"<!-- This site is optimized with the Yoast SEO plugin v27.0 - https:\/\/yoast.com\/product\/yoast-seo-wordpress\/ -->\n<title>Engineering - Arizzi fonderie - Albino (Bergamo)<\/title>\n<meta name=\"robots\" content=\"index, follow, max-snippet:-1, max-image-preview:large, max-video-preview:-1\" \/>\n<link rel=\"canonical\" href=\"https:\/\/www.arizzifonderie.com\/de\/engineering\/\" \/>\n<meta property=\"og:locale\" content=\"de_DE\" \/>\n<meta property=\"og:type\" content=\"article\" \/>\n<meta property=\"og:title\" content=\"Engineering - Arizzi fonderie - Albino (Bergamo)\" \/>\n<meta property=\"og:description\" content=\"Engineering Wir planen gemeinsam! Wenn du einen Apfel hast, und ich habe einen Apfel, und wir tauschen die \u00c4pfel, wird jeder von uns nach wie vor einen Apfel haben. Aber wenn du eine Idee hast, und ich habe eine Idee, &hellip; Continue reading &rarr;\" \/>\n<meta property=\"og:url\" content=\"https:\/\/www.arizzifonderie.com\/de\/engineering\/\" \/>\n<meta property=\"og:site_name\" content=\"Arizzi fonderie\" \/>\n<meta property=\"og:image\" content=\"https:\/\/www.arizzifonderie.com\/wp-content\/uploads\/2015\/11\/header_full_engineering.jpg\" \/>\n\t<meta property=\"og:image:width\" content=\"1920\" \/>\n\t<meta property=\"og:image:height\" content=\"320\" \/>\n\t<meta property=\"og:image:type\" content=\"image\/jpeg\" \/>\n<meta name=\"twitter:card\" content=\"summary_large_image\" \/>\n<meta name=\"twitter:label1\" content=\"Gesch\u00e4tzte Lesezeit\" \/>\n\t<meta name=\"twitter:data1\" content=\"1\u00a0Minute\" \/>\n<script type=\"application\/ld+json\" class=\"yoast-schema-graph\">{\"@context\":\"https:\/\/schema.org\",\"@graph\":[{\"@type\":\"WebPage\",\"@id\":\"https:\/\/www.arizzifonderie.com\/de\/engineering\/\",\"url\":\"https:\/\/www.arizzifonderie.com\/de\/engineering\/\",\"name\":\"Engineering - Arizzi fonderie - Albino (Bergamo)\",\"isPartOf\":{\"@id\":\"https:\/\/www.arizzifonderie.com\/#website\"},\"primaryImageOfPage\":{\"@id\":\"https:\/\/www.arizzifonderie.com\/de\/engineering\/#primaryimage\"},\"image\":{\"@id\":\"https:\/\/www.arizzifonderie.com\/de\/engineering\/#primaryimage\"},\"thumbnailUrl\":\"https:\/\/www.arizzifonderie.com\/wp-content\/uploads\/2015\/11\/header_full_engineering.jpg\",\"datePublished\":\"2015-11-11T15:43:04+00:00\",\"breadcrumb\":{\"@id\":\"https:\/\/www.arizzifonderie.com\/de\/engineering\/#breadcrumb\"},\"inLanguage\":\"de\",\"potentialAction\":[{\"@type\":\"ReadAction\",\"target\":[\"https:\/\/www.arizzifonderie.com\/de\/engineering\/\"]}]},{\"@type\":\"ImageObject\",\"inLanguage\":\"de\",\"@id\":\"https:\/\/www.arizzifonderie.com\/de\/engineering\/#primaryimage\",\"url\":\"https:\/\/www.arizzifonderie.com\/wp-content\/uploads\/2015\/11\/header_full_engineering.jpg\",\"contentUrl\":\"https:\/\/www.arizzifonderie.com\/wp-content\/uploads\/2015\/11\/header_full_engineering.jpg\",\"width\":1920,\"height\":320},{\"@type\":\"BreadcrumbList\",\"@id\":\"https:\/\/www.arizzifonderie.com\/de\/engineering\/#breadcrumb\",\"itemListElement\":[{\"@type\":\"ListItem\",\"position\":1,\"name\":\"Home\",\"item\":\"https:\/\/www.arizzifonderie.com\/de\/\"},{\"@type\":\"ListItem\",\"position\":2,\"name\":\"Engineering\"}]},{\"@type\":\"WebSite\",\"@id\":\"https:\/\/www.arizzifonderie.com\/#website\",\"url\":\"https:\/\/www.arizzifonderie.com\/\",\"name\":\"Arizzi fonderie\",\"description\":\"Ghisa Albino (Bergamo)\",\"potentialAction\":[{\"@type\":\"SearchAction\",\"target\":{\"@type\":\"EntryPoint\",\"urlTemplate\":\"https:\/\/www.arizzifonderie.com\/?s={search_term_string}\"},\"query-input\":{\"@type\":\"PropertyValueSpecification\",\"valueRequired\":true,\"valueName\":\"search_term_string\"}}],\"inLanguage\":\"de\"}]}<\/script>\n<!-- \/ Yoast SEO plugin. -->","yoast_head_json":{"title":"Engineering - Arizzi fonderie - Albino (Bergamo)","robots":{"index":"index","follow":"follow","max-snippet":"max-snippet:-1","max-image-preview":"max-image-preview:large","max-video-preview":"max-video-preview:-1"},"canonical":"https:\/\/www.arizzifonderie.com\/de\/engineering\/","og_locale":"de_DE","og_type":"article","og_title":"Engineering - Arizzi fonderie - Albino (Bergamo)","og_description":"Engineering Wir planen gemeinsam! Wenn du einen Apfel hast, und ich habe einen Apfel, und wir tauschen die \u00c4pfel, wird jeder von uns nach wie vor einen Apfel haben. Aber wenn du eine Idee hast, und ich habe eine Idee, &hellip; Continue reading &rarr;","og_url":"https:\/\/www.arizzifonderie.com\/de\/engineering\/","og_site_name":"Arizzi fonderie","og_image":[{"width":1920,"height":320,"url":"https:\/\/www.arizzifonderie.com\/wp-content\/uploads\/2015\/11\/header_full_engineering.jpg","type":"image\/jpeg"}],"twitter_card":"summary_large_image","twitter_misc":{"Gesch\u00e4tzte Lesezeit":"1\u00a0Minute"},"schema":{"@context":"https:\/\/schema.org","@graph":[{"@type":"WebPage","@id":"https:\/\/www.arizzifonderie.com\/de\/engineering\/","url":"https:\/\/www.arizzifonderie.com\/de\/engineering\/","name":"Engineering - Arizzi fonderie - Albino (Bergamo)","isPartOf":{"@id":"https:\/\/www.arizzifonderie.com\/#website"},"primaryImageOfPage":{"@id":"https:\/\/www.arizzifonderie.com\/de\/engineering\/#primaryimage"},"image":{"@id":"https:\/\/www.arizzifonderie.com\/de\/engineering\/#primaryimage"},"thumbnailUrl":"https:\/\/www.arizzifonderie.com\/wp-content\/uploads\/2015\/11\/header_full_engineering.jpg","datePublished":"2015-11-11T15:43:04+00:00","breadcrumb":{"@id":"https:\/\/www.arizzifonderie.com\/de\/engineering\/#breadcrumb"},"inLanguage":"de","potentialAction":[{"@type":"ReadAction","target":["https:\/\/www.arizzifonderie.com\/de\/engineering\/"]}]},{"@type":"ImageObject","inLanguage":"de","@id":"https:\/\/www.arizzifonderie.com\/de\/engineering\/#primaryimage","url":"https:\/\/www.arizzifonderie.com\/wp-content\/uploads\/2015\/11\/header_full_engineering.jpg","contentUrl":"https:\/\/www.arizzifonderie.com\/wp-content\/uploads\/2015\/11\/header_full_engineering.jpg","width":1920,"height":320},{"@type":"BreadcrumbList","@id":"https:\/\/www.arizzifonderie.com\/de\/engineering\/#breadcrumb","itemListElement":[{"@type":"ListItem","position":1,"name":"Home","item":"https:\/\/www.arizzifonderie.com\/de\/"},{"@type":"ListItem","position":2,"name":"Engineering"}]},{"@type":"WebSite","@id":"https:\/\/www.arizzifonderie.com\/#website","url":"https:\/\/www.arizzifonderie.com\/","name":"Arizzi fonderie","description":"Ghisa Albino (Bergamo)","potentialAction":[{"@type":"SearchAction","target":{"@type":"EntryPoint","urlTemplate":"https:\/\/www.arizzifonderie.com\/?s={search_term_string}"},"query-input":{"@type":"PropertyValueSpecification","valueRequired":true,"valueName":"search_term_string"}}],"inLanguage":"de"}]}},"_links":{"self":[{"href":"https:\/\/www.arizzifonderie.com\/de\/wp-json\/wp\/v2\/pages\/62","targetHints":{"allow":["GET"]}}],"collection":[{"href":"https:\/\/www.arizzifonderie.com\/de\/wp-json\/wp\/v2\/pages"}],"about":[{"href":"https:\/\/www.arizzifonderie.com\/de\/wp-json\/wp\/v2\/types\/page"}],"author":[{"embeddable":true,"href":"https:\/\/www.arizzifonderie.com\/de\/wp-json\/wp\/v2\/users\/1"}],"replies":[{"embeddable":true,"href":"https:\/\/www.arizzifonderie.com\/de\/wp-json\/wp\/v2\/comments?post=62"}],"version-history":[{"count":1,"href":"https:\/\/www.arizzifonderie.com\/de\/wp-json\/wp\/v2\/pages\/62\/revisions"}],"predecessor-version":[{"id":63,"href":"https:\/\/www.arizzifonderie.com\/de\/wp-json\/wp\/v2\/pages\/62\/revisions\/63"}],"wp:featuredmedia":[{"embeddable":true,"href":"https:\/\/www.arizzifonderie.com\/de\/wp-json\/wp\/v2\/media\/59"}],"wp:attachment":[{"href":"https:\/\/www.arizzifonderie.com\/de\/wp-json\/wp\/v2\/media?parent=62"}],"curies":[{"name":"wp","href":"https:\/\/api.w.org\/{rel}","templated":true}]}}