{"id":43,"date":"2015-11-11T15:56:14","date_gmt":"2015-11-11T14:56:14","guid":{"rendered":"https:\/\/www.arizzifonderie.com\/?page_id=43&#038;lang=de"},"modified":"2017-01-31T16:53:57","modified_gmt":"2017-01-31T15:53:57","slug":"uber-uns","status":"publish","type":"page","link":"https:\/\/www.arizzifonderie.com\/de\/uber-uns\/","title":{"rendered":"\u00dcber uns"},"content":{"rendered":"<h2>\u00dcber uns<\/h2>\n<p><img loading=\"lazy\" decoding=\"async\" class=\"alignleft size-medium wp-image-907\" src=\"https:\/\/www.arizzifonderie.com\/wp-content\/uploads\/2013\/01\/siamo-300x200.jpg\" alt=\"siamo\" width=\"300\" height=\"200\" \/><\/p>\n<div align=\"justify\">\n<p>Das Unternehmen entstand 1954, dank der gro\u00dfen handwerklichen Leidenschaft von Giovanni Arizzi f\u00fcr die Gie\u00dferei und mechanische Bearbeitungen. Im Jahr 1971 zog es in das heutige, \u00fcber 20.000 m\u00b2 gro\u00dfe Werk in Albino um.<\/p>\n<p>Arizzi Fonderie San Giorgio S.p.A. konnte im Laufe der Zeit dank eines extrem qualifizierten, auf Forschung und Entwicklung ausgerichteten Teams, das imstande ist, die technischen Erfordernisse des Kunden zu erkennen und sie angemessen zu beantworten, ein besonders hohes Niveau an Professionalit\u00e4t in verschiedensten Bereichen erzielen.<\/p>\n<p>Unter den zu befriedigenden Anforderungen sind f\u00fcr Arizzi Fonderie in einem kontinuierlich in Entwicklung begriffenen Markt Qualit\u00e4t und Flexibilit\u00e4t vorrangig. Daher ist ein Wachstum in den neuen M\u00e4rkten ein Hauptziel unseres Unternehmens. Die reizvollen Gelegenheiten, die uns die zunehmenden Anforderungen der Kundschaft bieten, gehen wir dabei mit Kompetenz, Seriosit\u00e4t und Effizienz an.<\/p>\n<p>Die Schmelzanlagen bestehen aus einem modernen Ofen mit Sauerstoffverbrennung, der seinerseits drei elektrische Gie\u00dferei\u00f6fen beschickt.<\/p>\n<p>Die beiden automatischen Anlagen f\u00fcr die Nassformung werden von einer Anlage zur Produktion von Sand mit Hartley-Analysator beschickt.<\/p>\n<\/div>\n<p>Arizzi Fonderie produziert hochqualitatives Gusseisen mit Kugelgraphit und mit Lamellengraphit f\u00fcr die Nassformung, bis 1000 kg.<\/p>\n<ul class=\"list-default\">\n<li>Seit 1998 ist das Qualit\u00e4tsmanagementsystem des Unternehmens nach ISO 9001 zertifiziert.<\/li>\n<li>Seit 2011 ist das Umweltmanagementsystem des Unternehmens nach ISO 14001 zertifiziert.<\/li>\n<\/ul>\n<p><strong>Arizzi Fonderie San Giorgio S.p.A. \u2013 ein prestigetr\u00e4chtiges Unternehmen im Dienste seiner Kunden. <\/strong><\/p>\n","protected":false},"excerpt":{"rendered":"<p>\u00dcber uns Das Unternehmen entstand 1954, dank der gro\u00dfen handwerklichen Leidenschaft von Giovanni Arizzi f\u00fcr die Gie\u00dferei und mechanische Bearbeitungen. Im Jahr 1971 zog es in das heutige, \u00fcber 20.000 m\u00b2 gro\u00dfe Werk in Albino um. Arizzi Fonderie San Giorgio &hellip; <a href=\"https:\/\/www.arizzifonderie.com\/de\/uber-uns\/\">Continue reading <span class=\"meta-nav\">&rarr;<\/span><\/a><\/p>\n","protected":false},"author":1,"featured_media":56,"parent":0,"menu_order":0,"comment_status":"closed","ping_status":"closed","template":"","meta":{"footnotes":""},"class_list":["post-43","page","type-page","status-publish","has-post-thumbnail","hentry"],"yoast_head":"<!-- This site is optimized with the Yoast SEO plugin v27.0 - https:\/\/yoast.com\/product\/yoast-seo-wordpress\/ -->\n<title>\u00dcber uns - Arizzi fonderie - Albino (Bergamo)<\/title>\n<meta name=\"robots\" content=\"index, follow, max-snippet:-1, max-image-preview:large, max-video-preview:-1\" \/>\n<link rel=\"canonical\" href=\"https:\/\/www.arizzifonderie.com\/de\/uber-uns\/\" \/>\n<meta property=\"og:locale\" content=\"de_DE\" \/>\n<meta property=\"og:type\" content=\"article\" \/>\n<meta property=\"og:title\" content=\"\u00dcber uns - Arizzi fonderie - Albino (Bergamo)\" \/>\n<meta property=\"og:description\" content=\"\u00dcber uns Das Unternehmen entstand 1954, dank der gro\u00dfen handwerklichen Leidenschaft von Giovanni Arizzi f\u00fcr die Gie\u00dferei und mechanische Bearbeitungen. Im Jahr 1971 zog es in das heutige, \u00fcber 20.000 m\u00b2 gro\u00dfe Werk in Albino um. Arizzi Fonderie San Giorgio &hellip; Continue reading &rarr;\" \/>\n<meta property=\"og:url\" content=\"https:\/\/www.arizzifonderie.com\/de\/uber-uns\/\" \/>\n<meta property=\"og:site_name\" content=\"Arizzi fonderie\" \/>\n<meta property=\"article:modified_time\" content=\"2017-01-31T15:53:57+00:00\" \/>\n<meta property=\"og:image\" content=\"https:\/\/www.arizzifonderie.com\/wp-content\/uploads\/2015\/11\/header_full_azienda.jpg\" \/>\n\t<meta property=\"og:image:width\" content=\"1920\" \/>\n\t<meta property=\"og:image:height\" content=\"320\" \/>\n\t<meta property=\"og:image:type\" content=\"image\/jpeg\" \/>\n<meta name=\"twitter:card\" content=\"summary_large_image\" \/>\n<meta name=\"twitter:label1\" content=\"Gesch\u00e4tzte Lesezeit\" \/>\n\t<meta name=\"twitter:data1\" content=\"1\u00a0Minute\" \/>\n<script type=\"application\/ld+json\" class=\"yoast-schema-graph\">{\"@context\":\"https:\/\/schema.org\",\"@graph\":[{\"@type\":\"WebPage\",\"@id\":\"https:\/\/www.arizzifonderie.com\/de\/uber-uns\/\",\"url\":\"https:\/\/www.arizzifonderie.com\/de\/uber-uns\/\",\"name\":\"\u00dcber uns - Arizzi fonderie - Albino (Bergamo)\",\"isPartOf\":{\"@id\":\"https:\/\/www.arizzifonderie.com\/#website\"},\"primaryImageOfPage\":{\"@id\":\"https:\/\/www.arizzifonderie.com\/de\/uber-uns\/#primaryimage\"},\"image\":{\"@id\":\"https:\/\/www.arizzifonderie.com\/de\/uber-uns\/#primaryimage\"},\"thumbnailUrl\":\"https:\/\/www.arizzifonderie.com\/wp-content\/uploads\/2015\/11\/header_full_azienda.jpg\",\"datePublished\":\"2015-11-11T14:56:14+00:00\",\"dateModified\":\"2017-01-31T15:53:57+00:00\",\"breadcrumb\":{\"@id\":\"https:\/\/www.arizzifonderie.com\/de\/uber-uns\/#breadcrumb\"},\"inLanguage\":\"de\",\"potentialAction\":[{\"@type\":\"ReadAction\",\"target\":[\"https:\/\/www.arizzifonderie.com\/de\/uber-uns\/\"]}]},{\"@type\":\"ImageObject\",\"inLanguage\":\"de\",\"@id\":\"https:\/\/www.arizzifonderie.com\/de\/uber-uns\/#primaryimage\",\"url\":\"https:\/\/www.arizzifonderie.com\/wp-content\/uploads\/2015\/11\/header_full_azienda.jpg\",\"contentUrl\":\"https:\/\/www.arizzifonderie.com\/wp-content\/uploads\/2015\/11\/header_full_azienda.jpg\",\"width\":1920,\"height\":320},{\"@type\":\"BreadcrumbList\",\"@id\":\"https:\/\/www.arizzifonderie.com\/de\/uber-uns\/#breadcrumb\",\"itemListElement\":[{\"@type\":\"ListItem\",\"position\":1,\"name\":\"Home\",\"item\":\"https:\/\/www.arizzifonderie.com\/de\/\"},{\"@type\":\"ListItem\",\"position\":2,\"name\":\"\u00dcber uns\"}]},{\"@type\":\"WebSite\",\"@id\":\"https:\/\/www.arizzifonderie.com\/#website\",\"url\":\"https:\/\/www.arizzifonderie.com\/\",\"name\":\"Arizzi fonderie\",\"description\":\"Ghisa Albino (Bergamo)\",\"potentialAction\":[{\"@type\":\"SearchAction\",\"target\":{\"@type\":\"EntryPoint\",\"urlTemplate\":\"https:\/\/www.arizzifonderie.com\/?s={search_term_string}\"},\"query-input\":{\"@type\":\"PropertyValueSpecification\",\"valueRequired\":true,\"valueName\":\"search_term_string\"}}],\"inLanguage\":\"de\"}]}<\/script>\n<!-- \/ Yoast SEO plugin. -->","yoast_head_json":{"title":"\u00dcber uns - Arizzi fonderie - Albino (Bergamo)","robots":{"index":"index","follow":"follow","max-snippet":"max-snippet:-1","max-image-preview":"max-image-preview:large","max-video-preview":"max-video-preview:-1"},"canonical":"https:\/\/www.arizzifonderie.com\/de\/uber-uns\/","og_locale":"de_DE","og_type":"article","og_title":"\u00dcber uns - Arizzi fonderie - Albino (Bergamo)","og_description":"\u00dcber uns Das Unternehmen entstand 1954, dank der gro\u00dfen handwerklichen Leidenschaft von Giovanni Arizzi f\u00fcr die Gie\u00dferei und mechanische Bearbeitungen. Im Jahr 1971 zog es in das heutige, \u00fcber 20.000 m\u00b2 gro\u00dfe Werk in Albino um. Arizzi Fonderie San Giorgio &hellip; Continue reading &rarr;","og_url":"https:\/\/www.arizzifonderie.com\/de\/uber-uns\/","og_site_name":"Arizzi fonderie","article_modified_time":"2017-01-31T15:53:57+00:00","og_image":[{"width":1920,"height":320,"url":"https:\/\/www.arizzifonderie.com\/wp-content\/uploads\/2015\/11\/header_full_azienda.jpg","type":"image\/jpeg"}],"twitter_card":"summary_large_image","twitter_misc":{"Gesch\u00e4tzte Lesezeit":"1\u00a0Minute"},"schema":{"@context":"https:\/\/schema.org","@graph":[{"@type":"WebPage","@id":"https:\/\/www.arizzifonderie.com\/de\/uber-uns\/","url":"https:\/\/www.arizzifonderie.com\/de\/uber-uns\/","name":"\u00dcber uns - Arizzi fonderie - Albino (Bergamo)","isPartOf":{"@id":"https:\/\/www.arizzifonderie.com\/#website"},"primaryImageOfPage":{"@id":"https:\/\/www.arizzifonderie.com\/de\/uber-uns\/#primaryimage"},"image":{"@id":"https:\/\/www.arizzifonderie.com\/de\/uber-uns\/#primaryimage"},"thumbnailUrl":"https:\/\/www.arizzifonderie.com\/wp-content\/uploads\/2015\/11\/header_full_azienda.jpg","datePublished":"2015-11-11T14:56:14+00:00","dateModified":"2017-01-31T15:53:57+00:00","breadcrumb":{"@id":"https:\/\/www.arizzifonderie.com\/de\/uber-uns\/#breadcrumb"},"inLanguage":"de","potentialAction":[{"@type":"ReadAction","target":["https:\/\/www.arizzifonderie.com\/de\/uber-uns\/"]}]},{"@type":"ImageObject","inLanguage":"de","@id":"https:\/\/www.arizzifonderie.com\/de\/uber-uns\/#primaryimage","url":"https:\/\/www.arizzifonderie.com\/wp-content\/uploads\/2015\/11\/header_full_azienda.jpg","contentUrl":"https:\/\/www.arizzifonderie.com\/wp-content\/uploads\/2015\/11\/header_full_azienda.jpg","width":1920,"height":320},{"@type":"BreadcrumbList","@id":"https:\/\/www.arizzifonderie.com\/de\/uber-uns\/#breadcrumb","itemListElement":[{"@type":"ListItem","position":1,"name":"Home","item":"https:\/\/www.arizzifonderie.com\/de\/"},{"@type":"ListItem","position":2,"name":"\u00dcber uns"}]},{"@type":"WebSite","@id":"https:\/\/www.arizzifonderie.com\/#website","url":"https:\/\/www.arizzifonderie.com\/","name":"Arizzi fonderie","description":"Ghisa Albino (Bergamo)","potentialAction":[{"@type":"SearchAction","target":{"@type":"EntryPoint","urlTemplate":"https:\/\/www.arizzifonderie.com\/?s={search_term_string}"},"query-input":{"@type":"PropertyValueSpecification","valueRequired":true,"valueName":"search_term_string"}}],"inLanguage":"de"}]}},"_links":{"self":[{"href":"https:\/\/www.arizzifonderie.com\/de\/wp-json\/wp\/v2\/pages\/43","targetHints":{"allow":["GET"]}}],"collection":[{"href":"https:\/\/www.arizzifonderie.com\/de\/wp-json\/wp\/v2\/pages"}],"about":[{"href":"https:\/\/www.arizzifonderie.com\/de\/wp-json\/wp\/v2\/types\/page"}],"author":[{"embeddable":true,"href":"https:\/\/www.arizzifonderie.com\/de\/wp-json\/wp\/v2\/users\/1"}],"replies":[{"embeddable":true,"href":"https:\/\/www.arizzifonderie.com\/de\/wp-json\/wp\/v2\/comments?post=43"}],"version-history":[{"count":1,"href":"https:\/\/www.arizzifonderie.com\/de\/wp-json\/wp\/v2\/pages\/43\/revisions"}],"predecessor-version":[{"id":44,"href":"https:\/\/www.arizzifonderie.com\/de\/wp-json\/wp\/v2\/pages\/43\/revisions\/44"}],"wp:featuredmedia":[{"embeddable":true,"href":"https:\/\/www.arizzifonderie.com\/de\/wp-json\/wp\/v2\/media\/56"}],"wp:attachment":[{"href":"https:\/\/www.arizzifonderie.com\/de\/wp-json\/wp\/v2\/media?parent=43"}],"curies":[{"name":"wp","href":"https:\/\/api.w.org\/{rel}","templated":true}]}}