{"id":160,"date":"2015-11-11T19:36:06","date_gmt":"2015-11-11T18:36:06","guid":{"rendered":"https:\/\/www.arizzifonderie.com\/de\/?page_id=160"},"modified":"2016-07-09T09:58:06","modified_gmt":"2016-07-09T07:58:06","slug":"motor-kurbelgehause","status":"publish","type":"page","link":"https:\/\/www.arizzifonderie.com\/de\/produktion\/motor-kurbelgehause\/","title":{"rendered":"MOTOR-KURBELGEH\u00c4USE"},"content":{"rendered":"<h1>MOTOR-KURBELGEH\u00c4USE<\/h1>\n<p><strong><em>Arizzi Fonderie stellt 4- und 6-Zylinder Motorgeh\u00e4use aus Gusseisen mit Lamellengraphit gem\u00e4\u00df UNI EN 1561 her.<\/em><\/strong><\/p>\n<p><iframe loading=\"lazy\" width=\"640\" height=\"360\" src=\"https:\/\/www.youtube.com\/embed\/PP00NPC314s?rel=0&amp;showinfo=0\" frameborder=\"0\" allowfullscreen><\/iframe><\/p>\n<h2>6-ZYLINDER MOTORGEH\u00c4USE<\/h2>\n<div class=\"content-half\">\n<table style=\"width: 450px;\">\n<tbody>\n<tr>\n<td style=\"width: 150px;\"><strong>Material:<\/strong><\/td>\n<td>EN-GJL-250 UNI EN 1561<\/td>\n<\/tr>\n<tr>\n<td><\/td>\n<td><\/td>\n<\/tr>\n<tr>\n<td><strong>Gewicht:<\/strong><\/td>\n<td>190 kg<\/td>\n<\/tr>\n<tr>\n<td><\/td>\n<td><\/td>\n<\/tr>\n<tr>\n<td><strong>Abmessungen:<\/strong><\/td>\n<td>950x600x550 mm<\/td>\n<\/tr>\n<\/tbody>\n<\/table>\n<\/div>\n<div class=\"content-half last\"><img loading=\"lazy\" decoding=\"async\" class=\"wp-image-1099 alignleft\" alt=\"6-ZYLINDER MOTORGEH\u00c4USE\" src=\"https:\/\/www.arizzifonderie.com\/wp-content\/uploads\/2013\/03\/engine_blocks.jpg\" width=\"188\" height=\"188\" \/><\/div><div class=\"clearfix\"><\/div>\n","protected":false},"excerpt":{"rendered":"<p>MOTOR-KURBELGEH\u00c4USE Arizzi Fonderie stellt 4- und 6-Zylinder Motorgeh\u00e4use aus Gusseisen mit Lamellengraphit gem\u00e4\u00df UNI EN 1561 her. 6-ZYLINDER MOTORGEH\u00c4USE<\/p>\n","protected":false},"author":1,"featured_media":156,"parent":73,"menu_order":0,"comment_status":"closed","ping_status":"closed","template":"","meta":{"footnotes":""},"class_list":["post-160","page","type-page","status-publish","has-post-thumbnail","hentry"],"yoast_head":"<!-- This site is optimized with the Yoast SEO plugin v27.0 - https:\/\/yoast.com\/product\/yoast-seo-wordpress\/ -->\n<title>MOTOR-KURBELGEH\u00c4USE - Arizzi fonderie - Albino (Bergamo)<\/title>\n<meta name=\"robots\" content=\"index, follow, max-snippet:-1, max-image-preview:large, max-video-preview:-1\" \/>\n<link rel=\"canonical\" href=\"https:\/\/www.arizzifonderie.com\/de\/produktion\/motor-kurbelgehause\/\" \/>\n<meta property=\"og:locale\" content=\"de_DE\" \/>\n<meta property=\"og:type\" content=\"article\" \/>\n<meta property=\"og:title\" content=\"MOTOR-KURBELGEH\u00c4USE - Arizzi fonderie - Albino (Bergamo)\" \/>\n<meta property=\"og:description\" content=\"MOTOR-KURBELGEH\u00c4USE Arizzi Fonderie stellt 4- und 6-Zylinder Motorgeh\u00e4use aus Gusseisen mit Lamellengraphit gem\u00e4\u00df UNI EN 1561 her. 6-ZYLINDER MOTORGEH\u00c4USE\" \/>\n<meta property=\"og:url\" content=\"https:\/\/www.arizzifonderie.com\/de\/produktion\/motor-kurbelgehause\/\" \/>\n<meta property=\"og:site_name\" content=\"Arizzi fonderie\" \/>\n<meta property=\"article:modified_time\" content=\"2016-07-09T07:58:06+00:00\" \/>\n<meta property=\"og:image\" content=\"https:\/\/www.arizzifonderie.com\/wp-content\/uploads\/2015\/11\/header_full_dakar3_DEF.jpg\" \/>\n\t<meta property=\"og:image:width\" content=\"1920\" \/>\n\t<meta property=\"og:image:height\" content=\"320\" \/>\n\t<meta property=\"og:image:type\" content=\"image\/jpeg\" \/>\n<meta name=\"twitter:card\" content=\"summary_large_image\" \/>\n<script type=\"application\/ld+json\" class=\"yoast-schema-graph\">{\"@context\":\"https:\/\/schema.org\",\"@graph\":[{\"@type\":\"WebPage\",\"@id\":\"https:\/\/www.arizzifonderie.com\/de\/produktion\/motor-kurbelgehause\/\",\"url\":\"https:\/\/www.arizzifonderie.com\/de\/produktion\/motor-kurbelgehause\/\",\"name\":\"MOTOR-KURBELGEH\u00c4USE - Arizzi fonderie - Albino (Bergamo)\",\"isPartOf\":{\"@id\":\"https:\/\/www.arizzifonderie.com\/#website\"},\"primaryImageOfPage\":{\"@id\":\"https:\/\/www.arizzifonderie.com\/de\/produktion\/motor-kurbelgehause\/#primaryimage\"},\"image\":{\"@id\":\"https:\/\/www.arizzifonderie.com\/de\/produktion\/motor-kurbelgehause\/#primaryimage\"},\"thumbnailUrl\":\"https:\/\/www.arizzifonderie.com\/wp-content\/uploads\/2015\/11\/header_full_dakar3_DEF.jpg\",\"datePublished\":\"2015-11-11T18:36:06+00:00\",\"dateModified\":\"2016-07-09T07:58:06+00:00\",\"breadcrumb\":{\"@id\":\"https:\/\/www.arizzifonderie.com\/de\/produktion\/motor-kurbelgehause\/#breadcrumb\"},\"inLanguage\":\"de\",\"potentialAction\":[{\"@type\":\"ReadAction\",\"target\":[\"https:\/\/www.arizzifonderie.com\/de\/produktion\/motor-kurbelgehause\/\"]}]},{\"@type\":\"ImageObject\",\"inLanguage\":\"de\",\"@id\":\"https:\/\/www.arizzifonderie.com\/de\/produktion\/motor-kurbelgehause\/#primaryimage\",\"url\":\"https:\/\/www.arizzifonderie.com\/wp-content\/uploads\/2015\/11\/header_full_dakar3_DEF.jpg\",\"contentUrl\":\"https:\/\/www.arizzifonderie.com\/wp-content\/uploads\/2015\/11\/header_full_dakar3_DEF.jpg\",\"width\":1920,\"height\":320},{\"@type\":\"BreadcrumbList\",\"@id\":\"https:\/\/www.arizzifonderie.com\/de\/produktion\/motor-kurbelgehause\/#breadcrumb\",\"itemListElement\":[{\"@type\":\"ListItem\",\"position\":1,\"name\":\"Home\",\"item\":\"https:\/\/www.arizzifonderie.com\/de\/\"},{\"@type\":\"ListItem\",\"position\":2,\"name\":\"Produktion\",\"item\":\"https:\/\/www.arizzifonderie.com\/de\/produktion\/\"},{\"@type\":\"ListItem\",\"position\":3,\"name\":\"MOTOR-KURBELGEH\u00c4USE\"}]},{\"@type\":\"WebSite\",\"@id\":\"https:\/\/www.arizzifonderie.com\/#website\",\"url\":\"https:\/\/www.arizzifonderie.com\/\",\"name\":\"Arizzi fonderie\",\"description\":\"Ghisa Albino (Bergamo)\",\"potentialAction\":[{\"@type\":\"SearchAction\",\"target\":{\"@type\":\"EntryPoint\",\"urlTemplate\":\"https:\/\/www.arizzifonderie.com\/?s={search_term_string}\"},\"query-input\":{\"@type\":\"PropertyValueSpecification\",\"valueRequired\":true,\"valueName\":\"search_term_string\"}}],\"inLanguage\":\"de\"}]}<\/script>\n<!-- \/ Yoast SEO plugin. -->","yoast_head_json":{"title":"MOTOR-KURBELGEH\u00c4USE - Arizzi fonderie - Albino (Bergamo)","robots":{"index":"index","follow":"follow","max-snippet":"max-snippet:-1","max-image-preview":"max-image-preview:large","max-video-preview":"max-video-preview:-1"},"canonical":"https:\/\/www.arizzifonderie.com\/de\/produktion\/motor-kurbelgehause\/","og_locale":"de_DE","og_type":"article","og_title":"MOTOR-KURBELGEH\u00c4USE - Arizzi fonderie - Albino (Bergamo)","og_description":"MOTOR-KURBELGEH\u00c4USE Arizzi Fonderie stellt 4- und 6-Zylinder Motorgeh\u00e4use aus Gusseisen mit Lamellengraphit gem\u00e4\u00df UNI EN 1561 her. 6-ZYLINDER MOTORGEH\u00c4USE","og_url":"https:\/\/www.arizzifonderie.com\/de\/produktion\/motor-kurbelgehause\/","og_site_name":"Arizzi fonderie","article_modified_time":"2016-07-09T07:58:06+00:00","og_image":[{"width":1920,"height":320,"url":"https:\/\/www.arizzifonderie.com\/wp-content\/uploads\/2015\/11\/header_full_dakar3_DEF.jpg","type":"image\/jpeg"}],"twitter_card":"summary_large_image","schema":{"@context":"https:\/\/schema.org","@graph":[{"@type":"WebPage","@id":"https:\/\/www.arizzifonderie.com\/de\/produktion\/motor-kurbelgehause\/","url":"https:\/\/www.arizzifonderie.com\/de\/produktion\/motor-kurbelgehause\/","name":"MOTOR-KURBELGEH\u00c4USE - Arizzi fonderie - Albino (Bergamo)","isPartOf":{"@id":"https:\/\/www.arizzifonderie.com\/#website"},"primaryImageOfPage":{"@id":"https:\/\/www.arizzifonderie.com\/de\/produktion\/motor-kurbelgehause\/#primaryimage"},"image":{"@id":"https:\/\/www.arizzifonderie.com\/de\/produktion\/motor-kurbelgehause\/#primaryimage"},"thumbnailUrl":"https:\/\/www.arizzifonderie.com\/wp-content\/uploads\/2015\/11\/header_full_dakar3_DEF.jpg","datePublished":"2015-11-11T18:36:06+00:00","dateModified":"2016-07-09T07:58:06+00:00","breadcrumb":{"@id":"https:\/\/www.arizzifonderie.com\/de\/produktion\/motor-kurbelgehause\/#breadcrumb"},"inLanguage":"de","potentialAction":[{"@type":"ReadAction","target":["https:\/\/www.arizzifonderie.com\/de\/produktion\/motor-kurbelgehause\/"]}]},{"@type":"ImageObject","inLanguage":"de","@id":"https:\/\/www.arizzifonderie.com\/de\/produktion\/motor-kurbelgehause\/#primaryimage","url":"https:\/\/www.arizzifonderie.com\/wp-content\/uploads\/2015\/11\/header_full_dakar3_DEF.jpg","contentUrl":"https:\/\/www.arizzifonderie.com\/wp-content\/uploads\/2015\/11\/header_full_dakar3_DEF.jpg","width":1920,"height":320},{"@type":"BreadcrumbList","@id":"https:\/\/www.arizzifonderie.com\/de\/produktion\/motor-kurbelgehause\/#breadcrumb","itemListElement":[{"@type":"ListItem","position":1,"name":"Home","item":"https:\/\/www.arizzifonderie.com\/de\/"},{"@type":"ListItem","position":2,"name":"Produktion","item":"https:\/\/www.arizzifonderie.com\/de\/produktion\/"},{"@type":"ListItem","position":3,"name":"MOTOR-KURBELGEH\u00c4USE"}]},{"@type":"WebSite","@id":"https:\/\/www.arizzifonderie.com\/#website","url":"https:\/\/www.arizzifonderie.com\/","name":"Arizzi fonderie","description":"Ghisa Albino (Bergamo)","potentialAction":[{"@type":"SearchAction","target":{"@type":"EntryPoint","urlTemplate":"https:\/\/www.arizzifonderie.com\/?s={search_term_string}"},"query-input":{"@type":"PropertyValueSpecification","valueRequired":true,"valueName":"search_term_string"}}],"inLanguage":"de"}]}},"_links":{"self":[{"href":"https:\/\/www.arizzifonderie.com\/de\/wp-json\/wp\/v2\/pages\/160","targetHints":{"allow":["GET"]}}],"collection":[{"href":"https:\/\/www.arizzifonderie.com\/de\/wp-json\/wp\/v2\/pages"}],"about":[{"href":"https:\/\/www.arizzifonderie.com\/de\/wp-json\/wp\/v2\/types\/page"}],"author":[{"embeddable":true,"href":"https:\/\/www.arizzifonderie.com\/de\/wp-json\/wp\/v2\/users\/1"}],"replies":[{"embeddable":true,"href":"https:\/\/www.arizzifonderie.com\/de\/wp-json\/wp\/v2\/comments?post=160"}],"version-history":[{"count":1,"href":"https:\/\/www.arizzifonderie.com\/de\/wp-json\/wp\/v2\/pages\/160\/revisions"}],"predecessor-version":[{"id":253,"href":"https:\/\/www.arizzifonderie.com\/de\/wp-json\/wp\/v2\/pages\/160\/revisions\/253"}],"up":[{"embeddable":true,"href":"https:\/\/www.arizzifonderie.com\/de\/wp-json\/wp\/v2\/pages\/73"}],"wp:featuredmedia":[{"embeddable":true,"href":"https:\/\/www.arizzifonderie.com\/de\/wp-json\/wp\/v2\/media\/156"}],"wp:attachment":[{"href":"https:\/\/www.arizzifonderie.com\/de\/wp-json\/wp\/v2\/media?parent=160"}],"curies":[{"name":"wp","href":"https:\/\/api.w.org\/{rel}","templated":true}]}}