{"id":117,"date":"2015-11-11T17:19:03","date_gmt":"2015-11-11T16:19:03","guid":{"rendered":"https:\/\/www.arizzifonderie.com\/de\/?page_id=117"},"modified":"2015-11-11T17:19:15","modified_gmt":"2015-11-11T16:19:15","slug":"erneuerung","status":"publish","type":"page","link":"https:\/\/www.arizzifonderie.com\/de\/erneuerung\/","title":{"rendered":"Erneuerung"},"content":{"rendered":"<h2>Erneuerung<\/h2>\n<table style=\"margin-top: -10px;\" width=\"100%\">\n<tbody>\n<tr>\n<td style=\"text-align: justify;\">Auch bei einem alten Handwerk wie unserem sind im Laufe der Zeit Anpassungen und Aktualisierungen notwendig. In den vergangenen Jahren haben wir uns bem\u00fcht, diesen Prozess, der auf ganz nat\u00fcrliche Art abl\u00e4uft, durch massive Investitionen in Anlagen und Ausr\u00fcstungen und die Auswahl neuer, f\u00e4higer und aufmerksamer Mitarbeiter zu beschleunigen. Diese neu gewonnene Energie wollen wir all denjenigen gegen\u00fcber, die mit uns in Kontakt stehen, unter anderem durch die Schaffung eines neuen Markenzeichens zum Ausdruck bringen, das die geschlossene, solidarische Ausrichtung aller Mitarbeiter auf einen imagin\u00e4ren Mittelpunkt hin verk\u00f6rpert, als Sinnbild f\u00fcr die Erfordernisse und Erwartungen all derjenigen, die aus unterschiedlichsten Gr\u00fcnden mit uns zu tun haben.<br \/>\nViel Spa\u00df bei der Arbeit!<br \/>\n<strong>Arizzi Fonderie S.Giorgio S.p.A.<br \/>\nClaudio Arizzi CEO<br \/>\n<\/strong><\/td>\n<td align=\"right\" width=\"240\"><img decoding=\"async\" alt=\"\" src=\"https:\/\/www.arizzifonderie.com\/wp-content\/uploads\/2013\/06\/Mani_rinnovamento.png\" width=\"220\" \/><\/td>\n<td align=\"right\" width=\"240\"><img decoding=\"async\" title=\"Erneuerung\" alt=\"\" src=\"https:\/\/www.arizzifonderie.com\/wp-content\/uploads\/2015\/05\/logo2015ArizziFonderie_Quadrato.png\" width=\"220\" \/><\/td>\n<\/tr>\n<\/tbody>\n<\/table>\n","protected":false},"excerpt":{"rendered":"<p>Erneuerung Auch bei einem alten Handwerk wie unserem sind im Laufe der Zeit Anpassungen und Aktualisierungen notwendig. In den vergangenen Jahren haben wir uns bem\u00fcht, diesen Prozess, der auf ganz nat\u00fcrliche Art abl\u00e4uft, durch massive Investitionen in Anlagen und Ausr\u00fcstungen &hellip; <a href=\"https:\/\/www.arizzifonderie.com\/de\/erneuerung\/\">Continue reading <span class=\"meta-nav\">&rarr;<\/span><\/a><\/p>\n","protected":false},"author":1,"featured_media":113,"parent":0,"menu_order":0,"comment_status":"closed","ping_status":"closed","template":"","meta":{"footnotes":""},"class_list":["post-117","page","type-page","status-publish","has-post-thumbnail","hentry"],"yoast_head":"<!-- This site is optimized with the Yoast SEO plugin v27.0 - https:\/\/yoast.com\/product\/yoast-seo-wordpress\/ -->\n<title>Erneuerung - Arizzi fonderie - Albino (Bergamo)<\/title>\n<meta name=\"robots\" content=\"index, follow, max-snippet:-1, max-image-preview:large, max-video-preview:-1\" \/>\n<link rel=\"canonical\" href=\"https:\/\/www.arizzifonderie.com\/de\/erneuerung\/\" \/>\n<meta property=\"og:locale\" content=\"de_DE\" \/>\n<meta property=\"og:type\" content=\"article\" \/>\n<meta property=\"og:title\" content=\"Erneuerung - Arizzi fonderie - Albino (Bergamo)\" \/>\n<meta property=\"og:description\" content=\"Erneuerung Auch bei einem alten Handwerk wie unserem sind im Laufe der Zeit Anpassungen und Aktualisierungen notwendig. In den vergangenen Jahren haben wir uns bem\u00fcht, diesen Prozess, der auf ganz nat\u00fcrliche Art abl\u00e4uft, durch massive Investitionen in Anlagen und Ausr\u00fcstungen &hellip; Continue reading &rarr;\" \/>\n<meta property=\"og:url\" content=\"https:\/\/www.arizzifonderie.com\/de\/erneuerung\/\" \/>\n<meta property=\"og:site_name\" content=\"Arizzi fonderie\" \/>\n<meta property=\"article:modified_time\" content=\"2015-11-11T16:19:15+00:00\" \/>\n<meta property=\"og:image\" content=\"https:\/\/www.arizzifonderie.com\/wp-content\/uploads\/2015\/11\/header_full_fotovoltaico.jpg\" \/>\n\t<meta property=\"og:image:width\" content=\"1920\" \/>\n\t<meta property=\"og:image:height\" content=\"320\" \/>\n\t<meta property=\"og:image:type\" content=\"image\/jpeg\" \/>\n<meta name=\"twitter:card\" content=\"summary_large_image\" \/>\n<meta name=\"twitter:label1\" content=\"Gesch\u00e4tzte Lesezeit\" \/>\n\t<meta name=\"twitter:data1\" content=\"1\u00a0Minute\" \/>\n<script type=\"application\/ld+json\" class=\"yoast-schema-graph\">{\"@context\":\"https:\/\/schema.org\",\"@graph\":[{\"@type\":\"WebPage\",\"@id\":\"https:\/\/www.arizzifonderie.com\/de\/erneuerung\/\",\"url\":\"https:\/\/www.arizzifonderie.com\/de\/erneuerung\/\",\"name\":\"Erneuerung - Arizzi fonderie - Albino (Bergamo)\",\"isPartOf\":{\"@id\":\"https:\/\/www.arizzifonderie.com\/#website\"},\"primaryImageOfPage\":{\"@id\":\"https:\/\/www.arizzifonderie.com\/de\/erneuerung\/#primaryimage\"},\"image\":{\"@id\":\"https:\/\/www.arizzifonderie.com\/de\/erneuerung\/#primaryimage\"},\"thumbnailUrl\":\"https:\/\/www.arizzifonderie.com\/wp-content\/uploads\/2015\/11\/header_full_fotovoltaico.jpg\",\"datePublished\":\"2015-11-11T16:19:03+00:00\",\"dateModified\":\"2015-11-11T16:19:15+00:00\",\"breadcrumb\":{\"@id\":\"https:\/\/www.arizzifonderie.com\/de\/erneuerung\/#breadcrumb\"},\"inLanguage\":\"de\",\"potentialAction\":[{\"@type\":\"ReadAction\",\"target\":[\"https:\/\/www.arizzifonderie.com\/de\/erneuerung\/\"]}]},{\"@type\":\"ImageObject\",\"inLanguage\":\"de\",\"@id\":\"https:\/\/www.arizzifonderie.com\/de\/erneuerung\/#primaryimage\",\"url\":\"https:\/\/www.arizzifonderie.com\/wp-content\/uploads\/2015\/11\/header_full_fotovoltaico.jpg\",\"contentUrl\":\"https:\/\/www.arizzifonderie.com\/wp-content\/uploads\/2015\/11\/header_full_fotovoltaico.jpg\",\"width\":1920,\"height\":320},{\"@type\":\"BreadcrumbList\",\"@id\":\"https:\/\/www.arizzifonderie.com\/de\/erneuerung\/#breadcrumb\",\"itemListElement\":[{\"@type\":\"ListItem\",\"position\":1,\"name\":\"Home\",\"item\":\"https:\/\/www.arizzifonderie.com\/de\/\"},{\"@type\":\"ListItem\",\"position\":2,\"name\":\"Erneuerung\"}]},{\"@type\":\"WebSite\",\"@id\":\"https:\/\/www.arizzifonderie.com\/#website\",\"url\":\"https:\/\/www.arizzifonderie.com\/\",\"name\":\"Arizzi fonderie\",\"description\":\"Ghisa Albino (Bergamo)\",\"potentialAction\":[{\"@type\":\"SearchAction\",\"target\":{\"@type\":\"EntryPoint\",\"urlTemplate\":\"https:\/\/www.arizzifonderie.com\/?s={search_term_string}\"},\"query-input\":{\"@type\":\"PropertyValueSpecification\",\"valueRequired\":true,\"valueName\":\"search_term_string\"}}],\"inLanguage\":\"de\"}]}<\/script>\n<!-- \/ Yoast SEO plugin. -->","yoast_head_json":{"title":"Erneuerung - Arizzi fonderie - Albino (Bergamo)","robots":{"index":"index","follow":"follow","max-snippet":"max-snippet:-1","max-image-preview":"max-image-preview:large","max-video-preview":"max-video-preview:-1"},"canonical":"https:\/\/www.arizzifonderie.com\/de\/erneuerung\/","og_locale":"de_DE","og_type":"article","og_title":"Erneuerung - Arizzi fonderie - Albino (Bergamo)","og_description":"Erneuerung Auch bei einem alten Handwerk wie unserem sind im Laufe der Zeit Anpassungen und Aktualisierungen notwendig. In den vergangenen Jahren haben wir uns bem\u00fcht, diesen Prozess, der auf ganz nat\u00fcrliche Art abl\u00e4uft, durch massive Investitionen in Anlagen und Ausr\u00fcstungen &hellip; Continue reading &rarr;","og_url":"https:\/\/www.arizzifonderie.com\/de\/erneuerung\/","og_site_name":"Arizzi fonderie","article_modified_time":"2015-11-11T16:19:15+00:00","og_image":[{"width":1920,"height":320,"url":"https:\/\/www.arizzifonderie.com\/wp-content\/uploads\/2015\/11\/header_full_fotovoltaico.jpg","type":"image\/jpeg"}],"twitter_card":"summary_large_image","twitter_misc":{"Gesch\u00e4tzte Lesezeit":"1\u00a0Minute"},"schema":{"@context":"https:\/\/schema.org","@graph":[{"@type":"WebPage","@id":"https:\/\/www.arizzifonderie.com\/de\/erneuerung\/","url":"https:\/\/www.arizzifonderie.com\/de\/erneuerung\/","name":"Erneuerung - Arizzi fonderie - Albino (Bergamo)","isPartOf":{"@id":"https:\/\/www.arizzifonderie.com\/#website"},"primaryImageOfPage":{"@id":"https:\/\/www.arizzifonderie.com\/de\/erneuerung\/#primaryimage"},"image":{"@id":"https:\/\/www.arizzifonderie.com\/de\/erneuerung\/#primaryimage"},"thumbnailUrl":"https:\/\/www.arizzifonderie.com\/wp-content\/uploads\/2015\/11\/header_full_fotovoltaico.jpg","datePublished":"2015-11-11T16:19:03+00:00","dateModified":"2015-11-11T16:19:15+00:00","breadcrumb":{"@id":"https:\/\/www.arizzifonderie.com\/de\/erneuerung\/#breadcrumb"},"inLanguage":"de","potentialAction":[{"@type":"ReadAction","target":["https:\/\/www.arizzifonderie.com\/de\/erneuerung\/"]}]},{"@type":"ImageObject","inLanguage":"de","@id":"https:\/\/www.arizzifonderie.com\/de\/erneuerung\/#primaryimage","url":"https:\/\/www.arizzifonderie.com\/wp-content\/uploads\/2015\/11\/header_full_fotovoltaico.jpg","contentUrl":"https:\/\/www.arizzifonderie.com\/wp-content\/uploads\/2015\/11\/header_full_fotovoltaico.jpg","width":1920,"height":320},{"@type":"BreadcrumbList","@id":"https:\/\/www.arizzifonderie.com\/de\/erneuerung\/#breadcrumb","itemListElement":[{"@type":"ListItem","position":1,"name":"Home","item":"https:\/\/www.arizzifonderie.com\/de\/"},{"@type":"ListItem","position":2,"name":"Erneuerung"}]},{"@type":"WebSite","@id":"https:\/\/www.arizzifonderie.com\/#website","url":"https:\/\/www.arizzifonderie.com\/","name":"Arizzi fonderie","description":"Ghisa Albino (Bergamo)","potentialAction":[{"@type":"SearchAction","target":{"@type":"EntryPoint","urlTemplate":"https:\/\/www.arizzifonderie.com\/?s={search_term_string}"},"query-input":{"@type":"PropertyValueSpecification","valueRequired":true,"valueName":"search_term_string"}}],"inLanguage":"de"}]}},"_links":{"self":[{"href":"https:\/\/www.arizzifonderie.com\/de\/wp-json\/wp\/v2\/pages\/117","targetHints":{"allow":["GET"]}}],"collection":[{"href":"https:\/\/www.arizzifonderie.com\/de\/wp-json\/wp\/v2\/pages"}],"about":[{"href":"https:\/\/www.arizzifonderie.com\/de\/wp-json\/wp\/v2\/types\/page"}],"author":[{"embeddable":true,"href":"https:\/\/www.arizzifonderie.com\/de\/wp-json\/wp\/v2\/users\/1"}],"replies":[{"embeddable":true,"href":"https:\/\/www.arizzifonderie.com\/de\/wp-json\/wp\/v2\/comments?post=117"}],"version-history":[{"count":1,"href":"https:\/\/www.arizzifonderie.com\/de\/wp-json\/wp\/v2\/pages\/117\/revisions"}],"predecessor-version":[{"id":118,"href":"https:\/\/www.arizzifonderie.com\/de\/wp-json\/wp\/v2\/pages\/117\/revisions\/118"}],"wp:featuredmedia":[{"embeddable":true,"href":"https:\/\/www.arizzifonderie.com\/de\/wp-json\/wp\/v2\/media\/113"}],"wp:attachment":[{"href":"https:\/\/www.arizzifonderie.com\/de\/wp-json\/wp\/v2\/media?parent=117"}],"curies":[{"name":"wp","href":"https:\/\/api.w.org\/{rel}","templated":true}]}}