{"id":106,"date":"2015-11-11T17:14:25","date_gmt":"2015-11-11T16:14:25","guid":{"rendered":"https:\/\/www.arizzifonderie.com\/de\/?page_id=106"},"modified":"2015-11-11T17:14:25","modified_gmt":"2015-11-11T16:14:25","slug":"verantwortung","status":"publish","type":"page","link":"https:\/\/www.arizzifonderie.com\/de\/verantwortung\/","title":{"rendered":"Verantwortung"},"content":{"rendered":"<h2>VERANTWORTUNG<\/h2>\n<p><strong>Auf verantwortungsbewusste Art arbeiten, unter R\u00fccksichtnahme auf Mensch und Umwelt.<\/strong><br \/>\nDie Beziehungen zwischen den Personen und dem Unternehmen gr\u00fcnden bei Arizzi Fonderie auf Werten wie Aufrichtigkeit und Respekt, wobei das Gemeinschaftsinteresse vor dem Individualinteresse kommt. Unter absoluter R\u00fccksichtnahme auf Mensch und Umwelt handeln wir unseren Mitarbeitern, Kunden und Partnern gegen\u00fcber mit Transparenz.<\/p>\n<p>Wer arbeitet, hat \u2013 gleich wo auf der Welt \u2013 das Recht, dies unter ethisch fairen Bedingungen und unter Einhaltung der Sicherheitskriterien zu tun, und es muss ihm erm\u00f6glicht werden, seine Situation durch Aus- und Weiterbildung zu verbessern. Bei der Auswahl unserer Lieferanten stellen wir sicher, dass sie unserem Verhaltenskodex und unseren Prinzipien ebenb\u00fcrtig sind.<\/p>\n<div class=\"tabs\">\n\t\t\t<ul class=\"tabs-menu clearfix\">\n\t\t\t\t<li class=\"selected-tab-menu\">UMWELT<div class=\"tab-over\">UMWELT<\/div><\/li>\n\t\t\t\t<li>SICHERHEIT UND GESUNDHEIT<div class=\"tab-over\">SICHERHEIT UND GESUNDHEIT<\/div><\/li>\n\t\t\t\t<li>ZUGEH\u00d6RIGKEIT<div class=\"tab-over\">ZUGEH\u00d6RIGKEIT<\/div><\/li>\n                \n                \n\t\t\t<\/ul>\n\t\t\t<div class=\"tabs-wrapper\">\n<div class=\"tab\">\n<table width=\"100%;\">\n<tbody>\n<tr>\n<td style=\"vertical-align: top;\" width=\"165px\"><img decoding=\"async\" style=\"text-align: center; margin-top: 25px;\" title=\"UMWELT\" alt=\"\" src=\"https:\/\/www.arizzifonderie.com\/wp-content\/uploads\/2013\/05\/servizi_ambiente.jpg\" width=\"150\" \/><\/td>\n<td width=\"50px\"><p class=\"blank-line clearfix\"><br \/><\/p><\/td>\n<td style=\"vertical-align: top;\">\n<p>Vor allem anderen kommt die R\u00fccksichtnahme auf die Umwelt. Die Reduzierung der Umweltauswirkungen ist ein lebendiges Ziel der Familie ARIZZI, das sich durch greifbare Investitionen zur Reduzierung der Emissionen, der Verschwendung, des Abfallaufkommens und durch die Produktion sauberer Energie mit Hilfe von Photovoltaik-Parks und -Anlagen konkretisiert.<br \/>\nSeit 2011 ist die ARIZZI Fonderie S.p.A. nach ISO 14001 zertifiziert.\n<\/td>\n<\/tr>\n<\/tbody>\n<\/table>\n<\/div>\n<div class=\"tab\">\n<table width=\"100%;\">\n<tbody>\n<tr>\n<td style=\"vertical-align: top;\" width=\"165px\"><img decoding=\"async\" style=\"text-align: center; margin-top: 25px;\" title=\"SICHERHEIT UND GESUNDHEIT\" alt=\"\" src=\"https:\/\/www.arizzifonderie.com\/wp-content\/uploads\/2013\/05\/servizi_sicurezza_e_salute.jpg\" width=\"150\" \/><\/td>\n<td width=\"50px\"><p class=\"blank-line clearfix\"><br \/><\/p><\/td>\n<td style=\"vertical-align: top;\">\n<p>Wir erlauben es niemandem, die Sicherheit auf die leichte Schulter zu nehmen. In Zusammenarbeit mit unseren Mitarbeitern und externen Beratern bem\u00fchen wir uns, alles umzusetzen, was notwendig ist, um die Produktionsprozesse sicherer zu gestalten. Gemeinsam arbeiten wir daran, das Wohl unserer Mitarbeiter zu verbessern, im Betrieb und au\u00dferhalb. <\/td>\n<\/tr>\n<\/tbody>\n<\/table>\n<\/div>\n<div class=\"tab\">\n<table width=\"100%;\">\n<tbody>\n<tr>\n<td style=\"vertical-align: top;\" width=\"165px\"><img decoding=\"async\" style=\"text-align: center; margin-top: 25px;\" title=\"ZUGEH\u00d6RIGKEIT\" alt=\"\" src=\"https:\/\/www.arizzifonderie.com\/wp-content\/uploads\/2013\/05\/servizi_appartenenza.jpg\" width=\"150\" \/><\/td>\n<td width=\"50px\"><p class=\"blank-line clearfix\"><br \/><\/p><\/td>\n<td style=\"vertical-align: top;\">\n<p>Sich offen und klar \u00e4u\u00dfern zu k\u00f6nnen, um Missverst\u00e4ndnisse und Instrumentalisierungen zu vermeiden, mit dem Ziel, tiefe, loyale und dauerhafte Beziehungen zu schaffen, sowohl im Unternehmen als auch au\u00dferhalb.<\/p>\n<p>Ein Bestandteil des Unternehmens sein, seine Mission, Werte und Ziele teilen und f\u00f6rdern. Im Arbeitsumfeld korrekt und professionell handeln, um den Anderen Glaubw\u00fcrdigkeit und Kompetenz zu \u00fcbermitteln.<\/td>\n<\/tr>\n<\/tbody>\n<\/table>\n<\/div>\n<\/div><\/div>\n","protected":false},"excerpt":{"rendered":"<p>VERANTWORTUNG Auf verantwortungsbewusste Art arbeiten, unter R\u00fccksichtnahme auf Mensch und Umwelt. Die Beziehungen zwischen den Personen und dem Unternehmen gr\u00fcnden bei Arizzi Fonderie auf Werten wie Aufrichtigkeit und Respekt, wobei das Gemeinschaftsinteresse vor dem Individualinteresse kommt. Unter absoluter R\u00fccksichtnahme auf &hellip; <a href=\"https:\/\/www.arizzifonderie.com\/de\/verantwortung\/\">Continue reading <span class=\"meta-nav\">&rarr;<\/span><\/a><\/p>\n","protected":false},"author":1,"featured_media":102,"parent":0,"menu_order":0,"comment_status":"closed","ping_status":"closed","template":"","meta":{"footnotes":""},"class_list":["post-106","page","type-page","status-publish","has-post-thumbnail","hentry"],"yoast_head":"<!-- This site is optimized with the Yoast SEO plugin v27.0 - https:\/\/yoast.com\/product\/yoast-seo-wordpress\/ -->\n<title>Verantwortung - Arizzi fonderie - Albino (Bergamo)<\/title>\n<meta name=\"robots\" content=\"index, follow, max-snippet:-1, max-image-preview:large, max-video-preview:-1\" \/>\n<link rel=\"canonical\" href=\"https:\/\/www.arizzifonderie.com\/de\/verantwortung\/\" \/>\n<meta property=\"og:locale\" content=\"de_DE\" \/>\n<meta property=\"og:type\" content=\"article\" \/>\n<meta property=\"og:title\" content=\"Verantwortung - Arizzi fonderie - Albino (Bergamo)\" \/>\n<meta property=\"og:description\" content=\"VERANTWORTUNG Auf verantwortungsbewusste Art arbeiten, unter R\u00fccksichtnahme auf Mensch und Umwelt. Die Beziehungen zwischen den Personen und dem Unternehmen gr\u00fcnden bei Arizzi Fonderie auf Werten wie Aufrichtigkeit und Respekt, wobei das Gemeinschaftsinteresse vor dem Individualinteresse kommt. Unter absoluter R\u00fccksichtnahme auf &hellip; Continue reading &rarr;\" \/>\n<meta property=\"og:url\" content=\"https:\/\/www.arizzifonderie.com\/de\/verantwortung\/\" \/>\n<meta property=\"og:site_name\" content=\"Arizzi fonderie\" \/>\n<meta property=\"og:image\" content=\"https:\/\/www.arizzifonderie.com\/wp-content\/uploads\/2015\/11\/header_full_famiglia.jpg\" \/>\n\t<meta property=\"og:image:width\" content=\"1920\" \/>\n\t<meta property=\"og:image:height\" content=\"320\" \/>\n\t<meta property=\"og:image:type\" content=\"image\/jpeg\" \/>\n<meta name=\"twitter:card\" content=\"summary_large_image\" \/>\n<meta name=\"twitter:label1\" content=\"Gesch\u00e4tzte Lesezeit\" \/>\n\t<meta name=\"twitter:data1\" content=\"2\u00a0Minuten\" \/>\n<script type=\"application\/ld+json\" class=\"yoast-schema-graph\">{\"@context\":\"https:\/\/schema.org\",\"@graph\":[{\"@type\":\"WebPage\",\"@id\":\"https:\/\/www.arizzifonderie.com\/de\/verantwortung\/\",\"url\":\"https:\/\/www.arizzifonderie.com\/de\/verantwortung\/\",\"name\":\"Verantwortung - Arizzi fonderie - Albino (Bergamo)\",\"isPartOf\":{\"@id\":\"https:\/\/www.arizzifonderie.com\/#website\"},\"primaryImageOfPage\":{\"@id\":\"https:\/\/www.arizzifonderie.com\/de\/verantwortung\/#primaryimage\"},\"image\":{\"@id\":\"https:\/\/www.arizzifonderie.com\/de\/verantwortung\/#primaryimage\"},\"thumbnailUrl\":\"https:\/\/www.arizzifonderie.com\/wp-content\/uploads\/2015\/11\/header_full_famiglia.jpg\",\"datePublished\":\"2015-11-11T16:14:25+00:00\",\"breadcrumb\":{\"@id\":\"https:\/\/www.arizzifonderie.com\/de\/verantwortung\/#breadcrumb\"},\"inLanguage\":\"de\",\"potentialAction\":[{\"@type\":\"ReadAction\",\"target\":[\"https:\/\/www.arizzifonderie.com\/de\/verantwortung\/\"]}]},{\"@type\":\"ImageObject\",\"inLanguage\":\"de\",\"@id\":\"https:\/\/www.arizzifonderie.com\/de\/verantwortung\/#primaryimage\",\"url\":\"https:\/\/www.arizzifonderie.com\/wp-content\/uploads\/2015\/11\/header_full_famiglia.jpg\",\"contentUrl\":\"https:\/\/www.arizzifonderie.com\/wp-content\/uploads\/2015\/11\/header_full_famiglia.jpg\",\"width\":1920,\"height\":320},{\"@type\":\"BreadcrumbList\",\"@id\":\"https:\/\/www.arizzifonderie.com\/de\/verantwortung\/#breadcrumb\",\"itemListElement\":[{\"@type\":\"ListItem\",\"position\":1,\"name\":\"Home\",\"item\":\"https:\/\/www.arizzifonderie.com\/de\/\"},{\"@type\":\"ListItem\",\"position\":2,\"name\":\"Verantwortung\"}]},{\"@type\":\"WebSite\",\"@id\":\"https:\/\/www.arizzifonderie.com\/#website\",\"url\":\"https:\/\/www.arizzifonderie.com\/\",\"name\":\"Arizzi fonderie\",\"description\":\"Ghisa Albino (Bergamo)\",\"potentialAction\":[{\"@type\":\"SearchAction\",\"target\":{\"@type\":\"EntryPoint\",\"urlTemplate\":\"https:\/\/www.arizzifonderie.com\/?s={search_term_string}\"},\"query-input\":{\"@type\":\"PropertyValueSpecification\",\"valueRequired\":true,\"valueName\":\"search_term_string\"}}],\"inLanguage\":\"de\"}]}<\/script>\n<!-- \/ Yoast SEO plugin. -->","yoast_head_json":{"title":"Verantwortung - Arizzi fonderie - Albino (Bergamo)","robots":{"index":"index","follow":"follow","max-snippet":"max-snippet:-1","max-image-preview":"max-image-preview:large","max-video-preview":"max-video-preview:-1"},"canonical":"https:\/\/www.arizzifonderie.com\/de\/verantwortung\/","og_locale":"de_DE","og_type":"article","og_title":"Verantwortung - Arizzi fonderie - Albino (Bergamo)","og_description":"VERANTWORTUNG Auf verantwortungsbewusste Art arbeiten, unter R\u00fccksichtnahme auf Mensch und Umwelt. Die Beziehungen zwischen den Personen und dem Unternehmen gr\u00fcnden bei Arizzi Fonderie auf Werten wie Aufrichtigkeit und Respekt, wobei das Gemeinschaftsinteresse vor dem Individualinteresse kommt. Unter absoluter R\u00fccksichtnahme auf &hellip; Continue reading &rarr;","og_url":"https:\/\/www.arizzifonderie.com\/de\/verantwortung\/","og_site_name":"Arizzi fonderie","og_image":[{"width":1920,"height":320,"url":"https:\/\/www.arizzifonderie.com\/wp-content\/uploads\/2015\/11\/header_full_famiglia.jpg","type":"image\/jpeg"}],"twitter_card":"summary_large_image","twitter_misc":{"Gesch\u00e4tzte Lesezeit":"2\u00a0Minuten"},"schema":{"@context":"https:\/\/schema.org","@graph":[{"@type":"WebPage","@id":"https:\/\/www.arizzifonderie.com\/de\/verantwortung\/","url":"https:\/\/www.arizzifonderie.com\/de\/verantwortung\/","name":"Verantwortung - Arizzi fonderie - Albino (Bergamo)","isPartOf":{"@id":"https:\/\/www.arizzifonderie.com\/#website"},"primaryImageOfPage":{"@id":"https:\/\/www.arizzifonderie.com\/de\/verantwortung\/#primaryimage"},"image":{"@id":"https:\/\/www.arizzifonderie.com\/de\/verantwortung\/#primaryimage"},"thumbnailUrl":"https:\/\/www.arizzifonderie.com\/wp-content\/uploads\/2015\/11\/header_full_famiglia.jpg","datePublished":"2015-11-11T16:14:25+00:00","breadcrumb":{"@id":"https:\/\/www.arizzifonderie.com\/de\/verantwortung\/#breadcrumb"},"inLanguage":"de","potentialAction":[{"@type":"ReadAction","target":["https:\/\/www.arizzifonderie.com\/de\/verantwortung\/"]}]},{"@type":"ImageObject","inLanguage":"de","@id":"https:\/\/www.arizzifonderie.com\/de\/verantwortung\/#primaryimage","url":"https:\/\/www.arizzifonderie.com\/wp-content\/uploads\/2015\/11\/header_full_famiglia.jpg","contentUrl":"https:\/\/www.arizzifonderie.com\/wp-content\/uploads\/2015\/11\/header_full_famiglia.jpg","width":1920,"height":320},{"@type":"BreadcrumbList","@id":"https:\/\/www.arizzifonderie.com\/de\/verantwortung\/#breadcrumb","itemListElement":[{"@type":"ListItem","position":1,"name":"Home","item":"https:\/\/www.arizzifonderie.com\/de\/"},{"@type":"ListItem","position":2,"name":"Verantwortung"}]},{"@type":"WebSite","@id":"https:\/\/www.arizzifonderie.com\/#website","url":"https:\/\/www.arizzifonderie.com\/","name":"Arizzi fonderie","description":"Ghisa Albino (Bergamo)","potentialAction":[{"@type":"SearchAction","target":{"@type":"EntryPoint","urlTemplate":"https:\/\/www.arizzifonderie.com\/?s={search_term_string}"},"query-input":{"@type":"PropertyValueSpecification","valueRequired":true,"valueName":"search_term_string"}}],"inLanguage":"de"}]}},"_links":{"self":[{"href":"https:\/\/www.arizzifonderie.com\/de\/wp-json\/wp\/v2\/pages\/106","targetHints":{"allow":["GET"]}}],"collection":[{"href":"https:\/\/www.arizzifonderie.com\/de\/wp-json\/wp\/v2\/pages"}],"about":[{"href":"https:\/\/www.arizzifonderie.com\/de\/wp-json\/wp\/v2\/types\/page"}],"author":[{"embeddable":true,"href":"https:\/\/www.arizzifonderie.com\/de\/wp-json\/wp\/v2\/users\/1"}],"replies":[{"embeddable":true,"href":"https:\/\/www.arizzifonderie.com\/de\/wp-json\/wp\/v2\/comments?post=106"}],"version-history":[{"count":1,"href":"https:\/\/www.arizzifonderie.com\/de\/wp-json\/wp\/v2\/pages\/106\/revisions"}],"predecessor-version":[{"id":107,"href":"https:\/\/www.arizzifonderie.com\/de\/wp-json\/wp\/v2\/pages\/106\/revisions\/107"}],"wp:featuredmedia":[{"embeddable":true,"href":"https:\/\/www.arizzifonderie.com\/de\/wp-json\/wp\/v2\/media\/102"}],"wp:attachment":[{"href":"https:\/\/www.arizzifonderie.com\/de\/wp-json\/wp\/v2\/media?parent=106"}],"curies":[{"name":"wp","href":"https:\/\/api.w.org\/{rel}","templated":true}]}}